{"id":3,"date":"2019-01-25T17:30:58","date_gmt":"2019-01-25T17:30:58","guid":{"rendered":"http:\/?page_id=3"},"modified":"2019-03-13T20:09:46","modified_gmt":"2019-03-13T20:09:46","slug":"privacy-policy","status":"publish","type":"page","link":"https:\/\/primelogsolutions.com\/pt\/privacy-policy\/","title":{"rendered":"Privacy Policy"},"content":{"rendered":"<p>N\u00f3s da Prime Log Solutions, junto com suas subsidi\u00e1rias e afiliadas, respeitamos as\nsuas preocupa\u00e7\u00f5es sobre privacidade. Esta pol\u00edtica de privacidade descreve os\ntipos de informa\u00e7\u00f5es pessoais que coletamos sobre os nossos clientes, como\npodemos usar a informa\u00e7\u00e3o e com quem podemos compartilh\u00e1-las. A pol\u00edtica\ntamb\u00e9m descreve as medidas que tomamos para proteger as informa\u00e7\u00f5es\npessoais. Al\u00e9m disso, vamos falar sobre como voc\u00ea pode nos pedir para (i) acessar\nou alterar as informa\u00e7\u00f5es pessoais que mantemos sobre voc\u00ea, (ii) excluir seu\nconsentimento fornecido anteriormente, (iii) responder a perguntas que voc\u00ea\npossa ter sobre nossas pol\u00edticas de privacidade.<\/p>\n<p>Nossas pol\u00edticas de privacidade podem variar entre os pa\u00edses em que operamos\npara refletir as pr\u00e1ticas locais e requisitos legais.<\/p>\n<p><strong>Informa\u00e7\u00f5es que obtemos<br \/>\n<\/strong>Podemos obter informa\u00e7\u00f5es pessoais sobre nossos consumidores (como nome, detalhes de contato e informa\u00e7\u00f5es de pagamento) em conjunto com v\u00e1rias atividades, tais como (i) o uso dos sites Prime Log Solutions, as atividades de (ii) de transporte, incluindo a entrega e coleta de cargas, (iii ) os pedidos para acompanhar embarques ou responder perguntas, (iv) os eventos de que participamos, e (v) de promo\u00e7\u00f5es e outras ofertas.<\/p>\n<p>Os tipos de informa\u00e7\u00f5es pessoais que podemos obter incluem, mas n\u00e3o est\u00e3o limitados a:<\/p>\n<ul>\n<li>Informa\u00e7\u00f5es de contato individual e de neg\u00f3cios (como o nome o nome da empresa, endere\u00e7o f\u00edsico, endere\u00e7o de e-mail e n\u00famero de telefone ou fax);<\/li>\n<li>Informa\u00e7\u00e3o do transporte (tais como (1) o transporte relacionado com detalhes de contato como o do remetente eo nome do destinat\u00e1rio, o endere\u00e7o f\u00edsico, endere\u00e7o de e-mail e n\u00famero de telefone, (ii) a assinatura de recibo de entrega, (iii) o n\u00famero da conta Prime Log Solutions, e (iv) informa\u00e7\u00e3o forncida que nos ajude a acessar os locais para os quais prestamos servi\u00e7os) e informa\u00e7\u00f5es fornecidas a respeito do conte\u00fado de determinadas transfer\u00eancias, mas apenas na medida uma pessoa identific\u00e1vel pode ser ligada a esse conte\u00fado;<\/li>\n<li>Informa\u00e7\u00f5es que nos permita verificar a sua identidade;<\/li>\n<li>Nomes, endere\u00e7os de email e n\u00fameros de telefone de outras pessoas a quem n\u00f3s somos convidados, suscitados e\/ou obrigados a enviar informa\u00e7\u00f5es;<\/li>\n<li>Nome de usu\u00e1rio e senha para ter acesso aos produtos e servi\u00e7os online Prime Log Solutions;<\/li>\n<li>M\u00eddias sociais;<\/li>\n<li>A informa\u00e7\u00e3o de pagamento (incluindo detalhes de cart\u00f5es de pagamento ou pagamento on-line, n\u00famero de servi\u00e7os e endere\u00e7o de cobran\u00e7a) e informa\u00e7\u00f5es financeiras (como n\u00famero de conta banc\u00e1ria);<\/li>\n<li>N\u00famero de identifica\u00e7\u00e3o fiscal em circunst\u00e2ncias em que voc\u00ea solicite produtos ou servi\u00e7os para os quais esta informa\u00e7\u00e3o \u00e9 necess\u00e1ria, ou em respeito a certas promo\u00e7\u00f5es ou sorteios;<\/li>\n<li>Outras informa\u00e7\u00f5es pessoais que sejam nos fornecidas para obter um produto ou servi\u00e7o Prime Log Solutions.<\/li>\n<\/ul>\n<p>Quando coletarmos ou entregarmos um embarque ou presta\u00e7\u00e3o de outros servi\u00e7os, podemos obter dados sobre a localiza\u00e7\u00e3o f\u00edsica. Isto inclui, por exemplo, dados de identifica\u00e7\u00e3o da localiza\u00e7\u00e3o real de um endere\u00e7o f\u00edsico usando informa\u00e7\u00f5es como dados de GPS, geocodes, informa\u00e7\u00f5es de latitude e longitude, e imagens dos diversos locais.<\/p>\n<p>Al\u00e9m disso, quando voc\u00ea visita nossos sites, podemos coletar certas informa\u00e7\u00f5es\npor meios automatizados, tais como cookies e web beacons. As informa\u00e7\u00f5es que\ncoletamos desta maneira inclui o endere\u00e7o IP, navegador caracter\u00edsticas,\ncaracter\u00edsticas do dispositivo, sistema operacional, prefer\u00eancias de idioma, as URLs\nde refer\u00eancia, as informa\u00e7\u00f5es sobre as medidas tomadas em nosso site, e as datas\n\ne hor\u00e1rios de visitas do site. Um \u201ccookie\u201d \u00e9 um arquivo de texto que os sites enviam\npara o computador de um visitante ou dispositivo conectado \u00e0 Internet para\nidentificar o navegador do visitante ou para armazenar informa\u00e7\u00f5es ou\nconfigura\u00e7\u00f5es do navegador. A \u201cweb beacon\u201d, tamb\u00e9m conhecido como tag\nInternet, tag pixel ou claras GIF, s\u00e3o p\u00e1ginas da Web links para servidores web e\nseus cookies e podem ser usadas para transmitir informa\u00e7\u00f5es coletadas atrav\u00e9s de\ncookies de volta para um servidor web. Atrav\u00e9s destes m\u00e9todos de coleta\nautomatizada, podemos obter \u201cdados de fluxo de cliques\u201d, que \u00e9 um registro do\nconte\u00fado em que um visitante clica enquanto navega um site. Com os cliques de\nvisitantes atrav\u00e9s do site, um registro da a\u00e7\u00e3o podem ser coletadas e armazenadas.\nPodemos ligar os elementos a certos dados que recolhemos atrav\u00e9s de meios\nautomatizados, tais como informa\u00e7\u00f5es do seu navegador, com outras informa\u00e7\u00f5es\nque obtivemos sobre voc\u00ea para que possamos saber, por exemplo, se voc\u00ea abriu\num e-mail que enviamos para voc\u00ea. Tamb\u00e9m podemos usar o Google Analytics de\nterceiros, que s\u00e3o ferramentas que coletam informa\u00e7\u00f5es sobre o tr\u00e1fego de\nvisitantes em nossos sites. Seu navegador pode dizer-lhe como ser notificado\nquando receber determinados tipos de cookies ou como restringir ou desativar\ndeterminados tipos de cookies. Observe, por\u00e9m, que, sem cookies, voc\u00ea poder\u00e1\nn\u00e3o ser capaz de usar todos os recursos de nossos sites.<\/p>\n<p><strong>Como usamos as informa\u00e7\u00f5es que obtemos<br \/>\n<\/strong>Podemos usar a informa\u00e7\u00e3o que obtemos para:<\/p>\n<ul>\n<li>Coletar, fornecer e controlar os embarques;<\/li>\n<li>Fornecer produtos e servi\u00e7os solicitados (tais como log\u00edstica, desembara\u00e7o aduaneiro, e servi\u00e7os financeiros);<\/li>\n<li>Processar e receber pagamentos;<\/li>\n<li>Fornecer suporte ao cliente e responder e nos comunicar com voc\u00ea sobre seus pedidos, perguntas e coment\u00e1rios;<\/li>\n<li>Estabelecer e gerenciar sua conta Prime Log Solutions;<\/li>\n<li>Oferecer-lhe produtos e servi\u00e7os que acreditamos que possam interessar-lhe;<\/li>\n<li>Comunicar a respeito e administrar a sua participa\u00e7\u00e3o em eventos especiais, programas, pesquisas, concursos, sorteios e outras ofertas ou promo\u00e7\u00f5es;<\/li>\n<li>Permitir que voc\u00ea poste em nossos blogs e interagir com Prime Log Solutions atrav\u00e9s da m\u00eddia social;<\/li>\n<li>Enviar informa\u00e7\u00f5es para seus contatos, se voc\u00ea nos perguntar como faz\u00ea-lo;<\/li>\n<li>Processar reclama\u00e7\u00f5es que recebemos, em raz\u00e3o de nossos servi\u00e7os;<\/li>\n<li>Operar, avaliar e melhorar o nosso neg\u00f3cio (incluindo o desenvolvimento de novos produtos e servi\u00e7os, gest\u00e3o de nossas comunica\u00e7\u00f5es; determinar a efic\u00e1cia de nosso vendas, marketing e publicidade, analisar e melhorar nossos produtos, servi\u00e7os e sites, e realiza\u00e7\u00e3o de contabilidade, auditoria, cobran\u00e7a de reconcilia\u00e7\u00e3o, e coleta de atividades);<\/li>\n<li>Realizar an\u00e1lises de dados (incluindo pesquisa de mercado e do consumidor, an\u00e1lise de tend\u00eancias, an\u00e1lise financeira, e anonimiza\u00e7\u00e3o de informa\u00e7\u00f5es pessoais);<\/li>\n<li>Protejer, identificar e prevenir fraudes e outras atividades criminosas, reclama\u00e7\u00f5es e outros delitos;<\/li>\n<li>Cumprir os requisitos legais aplic\u00e1veis \u00e0s nossas pol\u00edticas.<\/li>\n<\/ul>\n<p>Al\u00e9m disso, podemos utilizar a informa\u00e7\u00e3o obtida on-line atrav\u00e9s de cookies, web beacons e outros meios automatizados para fins tais como (i) personalizar as visitas aos nossos sites, (ii) entregar o conte\u00fado (incluindo publicidade) sob medida para nossos usu\u00e1rios e seus interesses, de maneira a facilitar e melhorar a maneira como nossos usu\u00e1rios navegam pelos sites, e (iii) gest\u00e3o do nosso neg\u00f3cio. Podemos complementar os dados que coletamos atrav\u00e9s de meios automatizados, com informa\u00e7\u00f5es sobre a sua localiza\u00e7\u00e3o (como o seu c\u00f3digo postal) para fornecer-lhe o conte\u00fado que pode ser de seu interesse. Tamb\u00e9m usamos essas informa\u00e7\u00f5es para ajudar a diagnosticar problemas t\u00e9cnicos e de servi\u00e7os, administrar nossos sites, identificar usu\u00e1rios de nossos sites, e obter informa\u00e7\u00e3o demogr\u00e1fica sobre nossos usu\u00e1rios. N\u00f3s podemos usar dados de fluxo de cliques para determinar o quanto os usu\u00e1rios gastam nas p\u00e1ginas da web dos nossos sites, como os usu\u00e1rios navegam pelos sites, e como podemos adaptar nossos sites para melhor atender as necessidades de nossos usu\u00e1rios.<\/p>\n<p>Tamb\u00e9m podemos utilizar as informa\u00e7\u00f5es que obtemos de outras formas para que possamos fornecer um aviso espec\u00edfico no momento da coleta.<\/p>\n<p><strong>Publicidade na Internet<\/strong><br \/>\nEm nossos sites, podemos coletar informa\u00e7\u00f5es sobre suas atividades on-line para fornecimento de publicidade sobre produtos e servi\u00e7os adequados aos seus interesses individuais. Esta se\u00e7\u00e3o de nossa Pol\u00edtica de Privacidade fornece detalhes e explica a forma para o exerc\u00edcio de suas escolhas.<\/p>\n<p>Voc\u00ea pode ver alguns an\u00fancios em outros sites porque participamos de redes de publicidade. As redes de an\u00fancios nos permitem direcionar nossas mensagens aos usu\u00e1rios atrav\u00e9s de meios demogr\u00e1ficos, baseados em interesses coletivos e individuais. Estas redes rastream suas atividades online ao longo do tempo obtendo informa\u00e7\u00e3o atrav\u00e9s de meios autom\u00e1ticos, exemplificativamente atrav\u00e9s do uso de cookies, logs de servidores web e web beacons. As redes usam esta informa\u00e7\u00e3o para mostrar an\u00fancios que podem ser adequados aos seus interesses individuais. As informa\u00e7\u00f5es que nossas redes de an\u00fancios podem recolher incluem informa\u00e7\u00f5es sobre suas visitas a sites que participam das redes de publicidade relativas, como as p\u00e1ginas ou an\u00fancios que voc\u00ea visualiza e as a\u00e7\u00f5es que voc\u00ea toma nos sites. Esta obten\u00e7\u00e3o de dados ocorre tanto em nossos sites e em sites de terceiros que participam das redes de an\u00fancios. Este processo tamb\u00e9m nos ajuda a acompanhar a efic\u00e1cia de nossos esfor\u00e7os de marketing. Para aprender a optar por esta rede de publicidade baseada em interesses, clique aqui. (Http:\/\/www.aboutads.info\/choices\/)<a href=\"http:\/\/www.aboutads.info\/choices\/\">http:\/\/www.aboutads.info\/choices\/<\/a>)<\/p>\n<p><strong>Informa\u00e7\u00f5es que compartilhamos<\/strong><\/p>\n<p>N\u00f3s n\u00e3o vendemos ou compartilhamos informa\u00e7\u00f5es pessoais sobre voc\u00ea, exceto conforme descrito nesta Pol\u00edtica de Privacidade ou em nossos Termos e Condi\u00e7\u00f5es. Para realizar nossa coleta e servi\u00e7os de entrega, n\u00f3s compartilhamos informa\u00e7\u00f5es de transporte com terceiros, tais como carregadores, consignat\u00e1rios, pagadores terceiros e destinat\u00e1rios. N\u00f3s tamb\u00e9m compartilhamos informa\u00e7\u00f5es pessoais com terceiros que prestam servi\u00e7os em nosso nome com base nas nossas instru\u00e7\u00f5es. Esses terceiros n\u00e3o est\u00e3o autorizados por n\u00f3s a usar ou divulgar as informa\u00e7\u00f5es, exceto quando necess\u00e1rio para executar servi\u00e7os em nosso nome ou de acordo com os requisitos legais.<\/p>\n<p>N\u00f3s tamb\u00e9m podemos compartilhar as informa\u00e7\u00f5es pessoais que obtemos com nossas afiliadas, franqueados, revendedores e parceiros de marketing conjuntas. Estas entidades, que coletivamente s\u00e3o referidas aqui como os \u201cParceiros de Neg\u00f3cios Prime Log Solutions\u201d, podem utilizar as informa\u00e7\u00f5es para a finalidade descrita nesta Pol\u00edtica de Privacidade. Podemos compartilhar dados de localiza\u00e7\u00e3o f\u00edsica com nossos parceiros de neg\u00f3cios Prime Log Solutions e outros terceiros para, por exemplo, aumentar a servi\u00e7os baseados em localiza\u00e7\u00e3o e desenvolver precisos e atuais mapas. Al\u00e9m disso, exceto conforme descrito abaixo, a menos que voc\u00ea nos forne\u00e7a um objeto detalhado por escrito, podemos compartilhar outras informa\u00e7\u00f5es pessoais com terceiros que n\u00e3o s\u00e3o parceiros de neg\u00f3cios Prime Log Solutions para determinados fins, tais como a oferta de produtos ou servi\u00e7os que possam te interessar.<\/p>\n<p>Tamb\u00e9m podemos divulgar informa\u00e7\u00f5es sobre voc\u00ea (i) se formos obrigados a faz\u00ea-lo por lei, regulamento ou processo legal (como uma ordem ou intima\u00e7\u00e3o judicial), (ii) em resposta a pedidos de \u00f3rg\u00e3os do governo, tais como as autoridades policiais ou (iii) quando acreditamos que a divulga\u00e7\u00e3o \u00e9 necess\u00e1ria ou adequada para evitar danos f\u00edsicos ou perda financeira, ou com rela\u00e7\u00e3o a uma investiga\u00e7\u00e3o de suspeita ou real atividade ilegal. Reservamo-nos o direito de transferir as informa\u00e7\u00f5es que temos sobre voc\u00ea no caso de venda ou transfer\u00eancia da totalidade ou uma parte do nosso neg\u00f3cio ou ativos (incluindo o caso de uma reorganiza\u00e7\u00e3o, dissolu\u00e7\u00e3o ou liquida\u00e7\u00e3o).<\/p>\n<p><strong>Sua Op\u00e7\u00e3o<\/strong><\/p>\n<p>N\u00f3s oferecemos algumas op\u00e7\u00f5es sobre o modo como nos comunicamos com voc\u00ea e quais as informa\u00e7\u00f5es que coletamos. Voc\u00ea pode optar por n\u00e3o receber nossas comunica\u00e7\u00f5es por e-mail, contactando-nos conforme indicado na se\u00e7\u00e3o \u201cComo entrar em contato conosco\u201d deste Pol\u00edtica de Privacidade.<\/p>\n<p><strong>Acesso e Corre\u00e7\u00e3o<\/strong><\/p>\n<p>Sujeito \u00e0 lei aplic\u00e1vel, (i) voc\u00ea pode obter uma c\u00f3pia de algumas informa\u00e7\u00f5es pessoais que mantemos ou atualizar ou corrigir imprecis\u00f5es, ou (ii) voc\u00ea tem o direito de obter acesso a informa\u00e7\u00f5es pessoais que mantemos sobre voc\u00ea, contactando-nos conforme indicado na se\u00e7\u00e3o \u201cComo entrar em contato conosco\u201d deste Pol\u00edtica de Privacidade. Para ajudar a proteger a sua privacidade e manter a seguran\u00e7a, tomaremos as medidas para verificar sua identidade antes de conceder acesso \u00e0s informa\u00e7\u00f5es. Al\u00e9m disso, se acreditarmos que as informa\u00e7\u00f5es pessoais que mantemos sobre voc\u00ea s\u00e3o imprecisas, sujeito \u00e0 legisla\u00e7\u00e3o aplic\u00e1vel, voc\u00ea tem o direito de solicitar a corre\u00e7\u00e3o ou altera\u00e7\u00e3o das informa\u00e7\u00f5es contactando-nos conforme indicado abaixo.<\/p>\n<p><strong>Links para outros sites<br \/>\n<\/strong>Nossos sites podem conter links para outros sites, para sua conveni\u00eancia e informa\u00e7\u00e3o. Esses sites podem ser operados por empresas n\u00e3o afiliadas com Prime Log Solutions. Sites ligados podem ter suas pr\u00f3prias pol\u00edticas de privacidade ou avisos, por isso recomendamos que reveja se pode-se visitar qualquer site vinculados. N\u00e3o somos respons\u00e1veis pelo conte\u00fado de qualquer site que n\u00e3o s\u00e3o afiliadas \u00e0 Prime Log Solutions, qualquer uso desses sites, ou as pr\u00e1ticas de privacidade desses sites.<\/p>\n<p><strong>Transfer\u00eancias de dados<br \/>\n<\/strong>Podemos transferir as informa\u00e7\u00f5es pessoais que obtemos sobre voc\u00ea para outros pa\u00edses que n\u00e3o o pa\u00eds em que a informa\u00e7\u00e3o foi originalmente obtida. Esses pa\u00edses podem n\u00e3o possuir as mesmas leis de prote\u00e7\u00e3o de dados que as do seu pa\u00eds e no qual as as informa\u00e7\u00f5es foram fornecidas. Quando transferirmos suas informa\u00e7\u00f5es para outros pa\u00edses, vamos proteger as informa\u00e7\u00f5es como descrito nesta Pol\u00edtica de Privacidade e de acordo com a legisla\u00e7\u00e3o aplic\u00e1vel.<\/p>\n<p><strong>Como protegemos as informa\u00e7\u00f5es pessoais<br \/>\n<\/strong>Mantemos salvaguardas administrativas, t\u00e9cnicas e f\u00edsicas destinadas a proteger as informa\u00e7\u00f5es pessoais que nos foram fornecidas contra acidental, ilegal ou n\u00e3o autorizada destrui\u00e7\u00e3o, perda, altera\u00e7\u00e3o, acesso, divulga\u00e7\u00e3o ou utiliza\u00e7\u00e3o. Apesar de tomarmos medidas para limitar o acesso \u00e0s nossas instala\u00e7\u00f5es e ve\u00edculos para pessoas autorizadas, a informa\u00e7\u00e3o que se encontram do lado de fora do pacote ou carta pode ser vis\u00edvel para os outros.<\/p>\n<p><strong>Atualiza\u00e7\u00f5es nossa Pol\u00edtica de Privacidade<br \/>\n<\/strong>Esta Pol\u00edtica de Privacidade pode ser atualizada periodicamente e sem aviso pr\u00e9vio ao usu\u00e1rio para refletir mudan\u00e7as em nossas pr\u00e1ticas de informa\u00e7\u00f5es pessoais. Voc\u00ea \u00e9 respons\u00e1vel por revisar a Pol\u00edtica de Privacidade atual antes de uso de nossos sites ou servi\u00e7os.<\/p>\n<p><strong>Como Falar Conosco<br \/>\n<\/strong>Se voc\u00ea tiver d\u00favidas ou coment\u00e1rios sobre esta Pol\u00edtica de Privacidade, ou se voc\u00ea quiser que atualizemos as informa\u00e7\u00f5es que temos sobre voc\u00ea ou sobre suas prefer\u00eancias, entre em contato conosco por e-mail\u00a0<a href=\"mailto:contato@brabox.com\">info@primelogsolutions.com<\/a>. Voc\u00ea tamb\u00e9m pode escrever para n\u00f3s em:<\/p>\n<p>Prime Log Solutions<br \/>\nTelefone Brasil (SP): 11-3230-1686<br \/>\nTelefone USA: 305-418-9201<br \/>\nEmail: info@primelogsolutions.com<br \/>\n10470 NW 26th Street, Suite A<br \/>\nDoral, FL 33172<br \/>\n<a href=\"https:\/\/primelogsolutions.com\/pt\/\">www.primelogsolutions.com<\/a><\/p>","protected":false},"excerpt":{"rendered":"<p>We at Prime Log Solutions, respect your concerns about privacy. This Privacy Policy describes the types of personal information we collect about our customers, how&#8230;<\/p>","protected":false},"author":1,"featured_media":0,"parent":0,"menu_order":0,"comment_status":"closed","ping_status":"open","template":"","meta":{"footnotes":""},"class_list":["post-3","page","type-page","status-publish","hentry"],"_links":{"self":[{"href":"https:\/\/primelogsolutions.com\/pt\/wp-json\/wp\/v2\/pages\/3","targetHints":{"allow":["GET"]}}],"collection":[{"href":"https:\/\/primelogsolutions.com\/pt\/wp-json\/wp\/v2\/pages"}],"about":[{"href":"https:\/\/primelogsolutions.com\/pt\/wp-json\/wp\/v2\/types\/page"}],"author":[{"embeddable":true,"href":"https:\/\/primelogsolutions.com\/pt\/wp-json\/wp\/v2\/users\/1"}],"replies":[{"embeddable":true,"href":"https:\/\/primelogsolutions.com\/pt\/wp-json\/wp\/v2\/comments?post=3"}],"version-history":[{"count":4,"href":"https:\/\/primelogsolutions.com\/pt\/wp-json\/wp\/v2\/pages\/3\/revisions"}],"predecessor-version":[{"id":8692,"href":"https:\/\/primelogsolutions.com\/pt\/wp-json\/wp\/v2\/pages\/3\/revisions\/8692"}],"wp:attachment":[{"href":"https:\/\/primelogsolutions.com\/pt\/wp-json\/wp\/v2\/media?parent=3"}],"curies":[{"name":"wp","href":"https:\/\/api.w.org\/{rel}","templated":true}]}}