{"id":4084,"date":"2016-05-23T12:03:26","date_gmt":"2016-05-23T12:03:26","guid":{"rendered":"http:\/\/8theme.com\/import\/xstore\/?page_id=4084"},"modified":"2019-03-04T20:32:19","modified_gmt":"2019-03-04T20:32:19","slug":"company","status":"publish","type":"page","link":"https:\/\/primelogsolutions.com\/pt\/company\/","title":{"rendered":"Informa\u00e7\u00e3o da Empresa"},"content":{"rendered":"<div data-vc-full-width=\"true\" data-vc-full-width-init=\"false\" class=\"vc_row wpb_row vc_row-fluid vc_custom_1551111983972 vc_row-has-fill et_custom_uniqid_69fe095b1ccad mpc-row\"><div class=\"wpb_column vc_column_container vc_col-sm-6 et_custom_uniqid_69fe095b1cc57 mpc-column\" data-column-id=\"mpc_column-2269fe095c1406f\"><div class=\"vc_column-inner\"><div class=\"wpb_wrapper\">\n\t<div class=\"wpb_single_image wpb_content_element vc_align_center\">\n\t\t\n\t\t<figure class=\"wpb_wrapper vc_figure\">\n\t\t\t<div class=\"vc_single_image-wrapper   vc_box_border_grey\"><img decoding=\"async\" width=\"4032\" height=\"3024\" src=\"https:\/\/primelogsolutions.com\/wp-content\/uploads\/xstore\/xstore-placeholder.png\" class=\"vc_single_image-img attachment-full lazyload lazyload-simple et-lazyload-fadeIn\" alt=\"\" sizes=\"(max-width: 4032px) 100vw, 4032px\" data-src=\"https:\/\/primelogsolutions.com\/wp-content\/uploads\/2019\/02\/unnamed.jpg\" data-srcset=\"https:\/\/primelogsolutions.com\/wp-content\/uploads\/2019\/02\/unnamed.jpg 4032w, https:\/\/primelogsolutions.com\/wp-content\/uploads\/2019\/02\/unnamed-300x225.jpg 300w, https:\/\/primelogsolutions.com\/wp-content\/uploads\/2019\/02\/unnamed-768x576.jpg 768w, https:\/\/primelogsolutions.com\/wp-content\/uploads\/2019\/02\/unnamed-1024x768.jpg 1024w\"><\/div>\n\t\t<\/figure>\n\t<\/div>\n<\/div><\/div><\/div><div class=\"wpb_column vc_column_container vc_col-sm-6 et_custom_uniqid_69fe095b1cc57 mpc-column\" data-column-id=\"mpc_column-3269fe095c15f0f\"><div class=\"vc_column-inner vc_custom_1551731499771\"><div class=\"wpb_wrapper\"><div class=\"vc_row wpb_row vc_inner vc_row-fluid et_custom_uniqid_69fe095b1cbdc mpc-row\"><div class=\"wpb_column vc_column_container vc_col-sm-12 vc_hidden-xs et_custom_uniqid_69fe095b1cc6a mpc-column\" data-column-id=\"mpc_column-9169fe095c15cdc\"><div class=\"vc_column-inner\"><div class=\"wpb_wrapper\"><h2 style=\"font-size: 36px;color: #222222;line-height: 38px;text-align: center\" class=\"vc_custom_heading\">Informa\u00e7\u00e3o da Empresa<\/h2>\n\t<div class=\"wpb_text_column wpb_content_element  vc_custom_1551731529676\">\n\t\t<div class=\"wpb_wrapper\">\n\t\t\t<p><span style=\"font-weight: 400;\">Com vasta experi\u00eancia na \u00e1rea de log\u00edstica, coordenamos todos os seus embarques de\nqualquer porto ou aeroporto no mundo, n\u00e3o sendo necess\u00e1ria a nomea\u00e7\u00e3o de um agente por\npa\u00eds.<\/span> <span style=\"font-weight: 400;\">Coordenamos tamb\u00e9m todas as opera\u00e7\u00f5es de log\u00edstica internacional de sua empresa de\nqualquer ponto de embarque e desembarque; por isso investimos em nossos clientes\noferecendo o melhor.\n\u00c0 medida que nossos parceiros crescem, crescemos tamb\u00e9m. Acreditamos ser essa a chave do\nnosso sucesso.<\/span><\/p>\n\n\t\t<\/div>\n\t<\/div>\n<\/div><\/div><\/div><\/div><\/div><\/div><\/div><\/div><div class=\"vc_row-full-width vc_clearfix\"><\/div><div class=\"vc_row wpb_row vc_row-fluid et_custom_uniqid_69fe095b1ccad mpc-row\"><div class=\"wpb_column vc_column_container vc_col-sm-12 vc_hidden-lg vc_hidden-md et_custom_uniqid_69fe095b1cc57 mpc-column\" data-column-id=\"mpc_column-2969fe095c1697c\"><div class=\"vc_column-inner\"><div class=\"wpb_wrapper\"><div class=\"vc_empty_space\" style=\"height: 32px\"><span class=\"vc_empty_space_inner\"><\/span><\/div>\n<\/div><\/div><\/div><\/div><div class=\"vc_row wpb_row vc_row-fluid vc_custom_1533807253446 vc_row-o-equal-height vc_row-o-content-middle vc_row-flex et_custom_uniqid_69fe095b1ccad mpc-row\"><div class=\"wpb_column vc_column_container vc_col-sm-6 et_custom_uniqid_69fe095b1cc57 mpc-column\" data-column-id=\"mpc_column-7069fe095c1742c\"><div class=\"vc_column-inner\"><div class=\"wpb_wrapper\"><h2 style=\"font-size: 24px;color: #222222;line-height: 28px;text-align: center\" class=\"vc_custom_heading vc_custom_1533807743709\">Introdu\u00e7\u00e3o<\/h2>\n\t<div class=\"wpb_text_column wpb_content_element  vc_custom_1551112899006\">\n\t\t<div class=\"wpb_wrapper\">\n\t\t\t<p style=\"text-align: center;\">A equipe da Prime Log Solutions \u00e9 treinada para dar todo respaldo a seu embarque, tratando\ncada um deles como \u00fanico, oferecendo ao mesmo, cuidado, respeito e aten\u00e7\u00e3o necess\u00e1rios.\nAtendimento personalizado e informa\u00e7\u00e3o em tempo real s\u00e3o partes de nosso dia a dia, afinal\nlevamos a s\u00e9rio o fato de embarcarmos excel\u00eancia.<\/p>\n\n\t\t<\/div>\n\t<\/div>\n<\/div><\/div><\/div><div class=\"wpb_column vc_column_container vc_col-sm-6 et_custom_uniqid_69fe095b1cc57 mpc-column\" data-column-id=\"mpc_column-6169fe095c18730\"><div class=\"vc_column-inner vc_custom_1468415010667\"><div class=\"wpb_wrapper\">\n\t<div class=\"wpb_single_image wpb_content_element vc_align_center  vc_custom_1551112870556\">\n\t\t\n\t\t<figure class=\"wpb_wrapper vc_figure\">\n\t\t\t<div class=\"vc_single_image-wrapper   vc_box_border_grey\"><img decoding=\"async\" width=\"4032\" height=\"3024\" src=\"https:\/\/primelogsolutions.com\/wp-content\/uploads\/xstore\/xstore-placeholder.png\" class=\"vc_single_image-img attachment-full lazyload lazyload-simple et-lazyload-fadeIn\" alt=\"\" sizes=\"(max-width: 4032px) 100vw, 4032px\" data-src=\"https:\/\/primelogsolutions.com\/wp-content\/uploads\/2019\/02\/unnamed-2.jpg\" data-srcset=\"https:\/\/primelogsolutions.com\/wp-content\/uploads\/2019\/02\/unnamed-2.jpg 4032w, https:\/\/primelogsolutions.com\/wp-content\/uploads\/2019\/02\/unnamed-2-300x225.jpg 300w, https:\/\/primelogsolutions.com\/wp-content\/uploads\/2019\/02\/unnamed-2-768x576.jpg 768w, https:\/\/primelogsolutions.com\/wp-content\/uploads\/2019\/02\/unnamed-2-1024x768.jpg 1024w\"><\/div>\n\t\t<\/figure>\n\t<\/div>\n<\/div><\/div><\/div><\/div><div class=\"vc_row wpb_row vc_row-fluid et_custom_uniqid_69fe095b1ccad mpc-row\"><div class=\"wpb_column vc_column_container vc_col-sm-12 vc_hidden-lg vc_hidden-md et_custom_uniqid_69fe095b1cc57 mpc-column\" data-column-id=\"mpc_column-9169fe095c190df\"><div class=\"vc_column-inner\"><div class=\"wpb_wrapper\"><div class=\"vc_empty_space\" style=\"height: 32px\"><span class=\"vc_empty_space_inner\"><\/span><\/div>\n<\/div><\/div><\/div><\/div><div class=\"vc_row wpb_row vc_row-fluid vc_custom_1533808078406 vc_row-o-equal-height vc_row-o-content-middle vc_row-flex et_custom_uniqid_69fe095b1ccad mpc-row\"><div class=\"wpb_column vc_column_container vc_col-sm-6 et_custom_uniqid_69fe095b1cc57 mpc-column\" data-column-id=\"mpc_column-2469fe095c1a5c5\"><div class=\"vc_column-inner vc_custom_1468415018243\"><div class=\"wpb_wrapper\">\n\t<div class=\"wpb_single_image wpb_content_element vc_align_center\">\n\t\t\n\t\t<figure class=\"wpb_wrapper vc_figure\">\n\t\t\t<div class=\"vc_single_image-wrapper   vc_box_border_grey\"><img decoding=\"async\" width=\"4032\" height=\"3024\" src=\"https:\/\/primelogsolutions.com\/wp-content\/uploads\/xstore\/xstore-placeholder.png\" class=\"vc_single_image-img attachment-full lazyload lazyload-simple et-lazyload-fadeIn\" alt=\"\" sizes=\"(max-width: 4032px) 100vw, 4032px\" data-src=\"https:\/\/primelogsolutions.com\/wp-content\/uploads\/2019\/02\/unnamed-1.jpg\" data-srcset=\"https:\/\/primelogsolutions.com\/wp-content\/uploads\/2019\/02\/unnamed-1.jpg 4032w, https:\/\/primelogsolutions.com\/wp-content\/uploads\/2019\/02\/unnamed-1-300x225.jpg 300w, https:\/\/primelogsolutions.com\/wp-content\/uploads\/2019\/02\/unnamed-1-768x576.jpg 768w, https:\/\/primelogsolutions.com\/wp-content\/uploads\/2019\/02\/unnamed-1-1024x768.jpg 1024w\"><\/div>\n\t\t<\/figure>\n\t<\/div>\n<\/div><\/div><\/div><div class=\"wpb_column vc_column_container vc_col-sm-6 et_custom_uniqid_69fe095b1cc57 mpc-column\" data-column-id=\"mpc_column-3369fe095c1acd5\"><div class=\"vc_column-inner\"><div class=\"wpb_wrapper\"><h2 style=\"font-size: 24px;color: #222222;line-height: 28px;text-align: center\" class=\"vc_custom_heading vc_custom_1551112944413\">Cuidamos de Tudo<\/h2>\n\t<div class=\"wpb_text_column wpb_content_element  vc_custom_1551112925169\">\n\t\t<div class=\"wpb_wrapper\">\n\t\t\t<p style=\"text-align: center;\">Com uma vasta experi\u00eancia em log\u00edstica, podemos coordenar todas as suas remessas em todo o mundo. A Prime Log Solutions tamb\u00e9m pode coordenar toda a log\u00edstica operacional internacional da sua empresa em tempo h\u00e1bil. Nosso neg\u00f3cio cresce junto com o crescimento dos neg\u00f3cios de nossos parceiros. Acreditamos que seja a chave do nosso sucesso.<\/p>\n\n\t\t<\/div>\n\t<\/div>\n<\/div><\/div><\/div><\/div>","protected":false},"excerpt":{"rendered":"Company Information With a vast experience in Personalized Logistics, here at Prime Log Solutions we can coordinate all your shipments offering our clients, worldwide excellence...","protected":false},"author":1,"featured_media":0,"parent":0,"menu_order":0,"comment_status":"closed","ping_status":"closed","template":"","meta":{"footnotes":""},"class_list":["post-4084","page","type-page","status-publish","hentry"],"_links":{"self":[{"href":"https:\/\/primelogsolutions.com\/pt\/wp-json\/wp\/v2\/pages\/4084","targetHints":{"allow":["GET"]}}],"collection":[{"href":"https:\/\/primelogsolutions.com\/pt\/wp-json\/wp\/v2\/pages"}],"about":[{"href":"https:\/\/primelogsolutions.com\/pt\/wp-json\/wp\/v2\/types\/page"}],"author":[{"embeddable":true,"href":"https:\/\/primelogsolutions.com\/pt\/wp-json\/wp\/v2\/users\/1"}],"replies":[{"embeddable":true,"href":"https:\/\/primelogsolutions.com\/pt\/wp-json\/wp\/v2\/comments?post=4084"}],"version-history":[{"count":6,"href":"https:\/\/primelogsolutions.com\/pt\/wp-json\/wp\/v2\/pages\/4084\/revisions"}],"predecessor-version":[{"id":8572,"href":"https:\/\/primelogsolutions.com\/pt\/wp-json\/wp\/v2\/pages\/4084\/revisions\/8572"}],"wp:attachment":[{"href":"https:\/\/primelogsolutions.com\/pt\/wp-json\/wp\/v2\/media?parent=4084"}],"curies":[{"name":"wp","href":"https:\/\/api.w.org\/{rel}","templated":true}]}}