{"id":5561,"date":"2017-01-11T14:02:11","date_gmt":"2017-01-11T14:02:11","guid":{"rendered":"http:\/\/8theme.com\/import\/xstore\/versions\/?page_id=5561"},"modified":"2019-02-13T22:13:07","modified_gmt":"2019-02-13T22:13:07","slug":"forms","status":"publish","type":"page","link":"https:\/\/primelogsolutions.com\/pt\/forms\/","title":{"rendered":"Forms"},"content":{"rendered":"<div class=\"vc_row wpb_row vc_row-fluid vc_custom_1550095279264 et_custom_uniqid_69fb4544854ab mpc-row\"><div class=\"wpb_column vc_column_container vc_col-sm-12 et_custom_uniqid_69fb454485478 mpc-column\" data-column-id=\"mpc_column-4969fb45458ca4d\"><div class=\"vc_column-inner\"><div class=\"wpb_wrapper\">\n\t<div class=\"wpb_text_column wpb_content_element\">\n\t\t<div class=\"wpb_wrapper\">\n\t\t\t<h4 style=\"text-align: left;\">Encontre abaixo os formul\u00e1rios para servi\u00e7os que atendem \u00e0s suas necessidades:<\/h4>\n\n\t\t<\/div>\n\t<\/div>\n<\/div><\/div><\/div><\/div><div class=\"vc_row wpb_row vc_row-fluid vc_custom_1549377874731 vc_row-has-fill et_custom_uniqid_69fb4544854ab mpc-row\"><div class=\"wpb_column vc_column_container vc_col-sm-6 et_custom_uniqid_69fb454485478 mpc-column\" data-column-id=\"mpc_column-8469fb45458d064\"><div class=\"vc_column-inner\"><div class=\"wpb_wrapper\">\n\t<div class=\"wpb_text_column wpb_content_element\">\n\t\t<div class=\"wpb_wrapper\">\n\t\t\t<h4 style=\"text-align: center;\">1- INCOTERMS<\/h4>\n<p><a href=\"https:\/\/www.dropbox.com\/s\/5v5kq141ndnlu6e\/incoterms_2010espa%C3%B1ol%20%281%29.png?dl=0\"><img decoding=\"async\" class=\"wp-image-8346 aligncenter\" src=\"http:\/\/test2.primelogsolutions.com\/wp-content\/uploads\/2019\/02\/incoterms_2010espa%C3%B1ol-1-300x171.png\" alt=\"\" width=\"481\" height=\"274\"><\/a><\/p>\n<p style=\"text-align: center;\"><a href=\"https:\/\/www.dropbox.com\/s\/5v5kq141ndnlu6e\/incoterms_2010espa%C3%B1ol%20%281%29.png?dl=0\"><strong>DOWNLOAD<\/strong><\/a><\/p>\n\n\t\t<\/div>\n\t<\/div>\n<\/div><\/div><\/div><div class=\"wpb_column vc_column_container vc_col-sm-6 et_custom_uniqid_69fb454485478 mpc-column\" data-column-id=\"mpc_column-7369fb45458d387\"><div class=\"vc_column-inner\"><div class=\"wpb_wrapper\">\n\t<div class=\"wpb_text_column wpb_content_element\">\n\t\t<div class=\"wpb_wrapper\">\n\t\t\t<h4 style=\"text-align: center;\">1- SHIPPERS LETTER OF INSTRUCTIONS<img decoding=\"async\" class=\"size-medium wp-image-8349 aligncenter\" src=\"http:\/\/test2.primelogsolutions.com\/wp-content\/uploads\/2019\/02\/IMAGE-263x300.png\" alt=\"\" width=\"263\" height=\"300\" srcset=\"https:\/\/primelogsolutions.com\/wp-content\/uploads\/2019\/02\/IMAGE-263x300.png 263w, https:\/\/primelogsolutions.com\/wp-content\/uploads\/2019\/02\/IMAGE.png 507w\" sizes=\"(max-width: 263px) 100vw, 263px\" \/><\/h4>\n<p style=\"text-align: center;\"><strong><a href=\"https:\/\/www.dropbox.com\/s\/h9k31z542y7yb41\/SLI%20Prime%20Log%20Solutions.docx?dl=0\">DOWNLOAD<\/a><\/strong><\/p>\n\n\t\t<\/div>\n\t<\/div>\n<\/div><\/div><\/div><\/div>","protected":false},"excerpt":{"rendered":"Find below forms for services that fits your needs: 1- INCOTERMS DOWNLOAD 1- SHIPPERS LETTER OF INSTRUCTIONS DOWNLOAD","protected":false},"author":1,"featured_media":0,"parent":0,"menu_order":0,"comment_status":"closed","ping_status":"closed","template":"","meta":{"footnotes":""},"class_list":["post-5561","page","type-page","status-publish","hentry"],"_links":{"self":[{"href":"https:\/\/primelogsolutions.com\/pt\/wp-json\/wp\/v2\/pages\/5561","targetHints":{"allow":["GET"]}}],"collection":[{"href":"https:\/\/primelogsolutions.com\/pt\/wp-json\/wp\/v2\/pages"}],"about":[{"href":"https:\/\/primelogsolutions.com\/pt\/wp-json\/wp\/v2\/types\/page"}],"author":[{"embeddable":true,"href":"https:\/\/primelogsolutions.com\/pt\/wp-json\/wp\/v2\/users\/1"}],"replies":[{"embeddable":true,"href":"https:\/\/primelogsolutions.com\/pt\/wp-json\/wp\/v2\/comments?post=5561"}],"version-history":[{"count":5,"href":"https:\/\/primelogsolutions.com\/pt\/wp-json\/wp\/v2\/pages\/5561\/revisions"}],"predecessor-version":[{"id":8358,"href":"https:\/\/primelogsolutions.com\/pt\/wp-json\/wp\/v2\/pages\/5561\/revisions\/8358"}],"wp:attachment":[{"href":"https:\/\/primelogsolutions.com\/pt\/wp-json\/wp\/v2\/media?parent=5561"}],"curies":[{"name":"wp","href":"https:\/\/api.w.org\/{rel}","templated":true}]}}