{"id":8364,"date":"2019-02-14T15:15:56","date_gmt":"2019-02-14T15:15:56","guid":{"rendered":"http:\/\/test2.primelogsolutions.com\/?page_id=8364"},"modified":"2019-07-25T19:14:22","modified_gmt":"2019-07-25T19:14:22","slug":"calc","status":"publish","type":"page","link":"https:\/\/primelogsolutions.com\/pt\/calc\/","title":{"rendered":"Calculadora"},"content":{"rendered":"<div class=\"vc_row wpb_row vc_row-fluid et_custom_uniqid_69fb44a85ace5 mpc-row\"><div class=\"wpb_column vc_column_container vc_col-sm-12 et_custom_uniqid_69fb44a85ac8a mpc-column\" data-column-id=\"mpc_column-2369fb44a969f55\"><div class=\"vc_column-inner\"><div class=\"wpb_wrapper\">\n\t<div class=\"wpb_text_column wpb_content_element  vc_custom_1557335672572\">\n\t\t<div class=\"wpb_wrapper\">\n\t\t\t<p style=\"font-weight: 400;\">O c\u00e1lculo acima \u00e9 somente um estimado, o valor final ser\u00e1 confirmado somente ap\u00f3s a pesagem da mercadoria em nosso armaz\u00e9m.\nOs valores de impostos s\u00e3o calculados com base nas regras vigentes da Alfandega Brasileira de importa\u00e7ao simplificada.<\/p>\n<p><span style=\"color: #42c0fb;\"><a style=\"color: #42c0fb;\" href=\"http:\/\/test2.primelogsolutions.com\/courier-registration\/\">Cadastra-se<\/a><\/span> para obter seu endere\u00e7o de entrega e ID NUMBER (seu n\u00famero de identifica\u00e7\u00e3o exclusivo) a ser inserido nas suas cargas para o nosso armazem.<!-- \/wp:paragraph --><\/p>\n\n\t\t<\/div>\n\t<\/div>\n<\/div><\/div><\/div><\/div>","protected":false},"excerpt":{"rendered":"The above calculation is only an estimate, the final charges will be confirmed only after weighing the goods in our warehouse. The tax values are...","protected":false},"author":1,"featured_media":0,"parent":0,"menu_order":0,"comment_status":"closed","ping_status":"closed","template":"page-calc.php","meta":{"footnotes":""},"class_list":["post-8364","page","type-page","status-publish","hentry"],"_links":{"self":[{"href":"https:\/\/primelogsolutions.com\/pt\/wp-json\/wp\/v2\/pages\/8364","targetHints":{"allow":["GET"]}}],"collection":[{"href":"https:\/\/primelogsolutions.com\/pt\/wp-json\/wp\/v2\/pages"}],"about":[{"href":"https:\/\/primelogsolutions.com\/pt\/wp-json\/wp\/v2\/types\/page"}],"author":[{"embeddable":true,"href":"https:\/\/primelogsolutions.com\/pt\/wp-json\/wp\/v2\/users\/1"}],"replies":[{"embeddable":true,"href":"https:\/\/primelogsolutions.com\/pt\/wp-json\/wp\/v2\/comments?post=8364"}],"version-history":[{"count":13,"href":"https:\/\/primelogsolutions.com\/pt\/wp-json\/wp\/v2\/pages\/8364\/revisions"}],"predecessor-version":[{"id":8916,"href":"https:\/\/primelogsolutions.com\/pt\/wp-json\/wp\/v2\/pages\/8364\/revisions\/8916"}],"wp:attachment":[{"href":"https:\/\/primelogsolutions.com\/pt\/wp-json\/wp\/v2\/media?parent=8364"}],"curies":[{"name":"wp","href":"https:\/\/api.w.org\/{rel}","templated":true}]}}