{"id":8457,"date":"2019-02-26T19:11:28","date_gmt":"2019-02-26T19:11:28","guid":{"rendered":"https:\/\/primelogsolutions.com\/?page_id=8457"},"modified":"2019-05-10T14:56:53","modified_gmt":"2019-05-10T14:56:53","slug":"prohibited-items-to-ship","status":"publish","type":"page","link":"https:\/\/primelogsolutions.com\/pt\/prohibited-items-to-ship\/","title":{"rendered":"Itens Proibidos para Envio"},"content":{"rendered":"<div class=\"vc_row wpb_row vc_row-fluid vc_custom_1557494572863 et_custom_uniqid_69fb446a6f6ad mpc-row\"><div class=\"wpb_column vc_column_container vc_col-sm-12 et_custom_uniqid_69fb446a6f66a mpc-column\" data-column-id=\"mpc_column-5969fb446b70260\"><div class=\"vc_column-inner\"><div class=\"wpb_wrapper\">\n\t<div class=\"wpb_text_column wpb_content_element\">\n\t\t<div class=\"wpb_wrapper\">\n\t\t\t<h1 style=\"text-align: left;\"><span style=\"color: #4ab1e4;\">ITENS PROIBIDOS<\/span><\/h1>\n<h4><\/h4>\n<h4 style=\"text-align: left;\"><span style=\"color: #333333;\">Encontre abaixo uma lista de itens proibidos para o transporte (internacional), devido \u00e0 seguran\u00e7a, riscos \u00e0 sa\u00fade ou embargos comerciais.<\/span><\/h4>\n\n\t\t<\/div>\n\t<\/div>\n<\/div><\/div><\/div><\/div><div class=\"vc_row wpb_row vc_row-fluid vc_custom_1557494888276 et_custom_uniqid_69fb446a6f6ad mpc-row\"><div class=\"wpb_column vc_column_container vc_col-sm-12 et_custom_uniqid_69fb446a6f66a mpc-column\" data-column-id=\"mpc_column-3769fb446b709eb\"><div class=\"vc_column-inner\"><div class=\"wpb_wrapper\">\n\t<div class=\"wpb_text_column wpb_content_element\">\n\t\t<div class=\"wpb_wrapper\">\n\t\t\t<p><span style=\"color: #4ab1e4;\"><strong>X<\/strong><\/span> &nbsp;Pele de animal \/ P\u00ealos \/ \u00d3rg\u00e3os ou partes de animais ou humanos \/ Produtos de marfim e marfim Produtos com um valor particularmente alto (por exemplo, obras de arte, antiguidades, pedras preciosas, ouro e prata)<\/p>\n<p><span style=\"color: #4ab1e4;\"><strong>X&nbsp; <\/strong><\/span>Mercadorias Perigosas \/ Produtos Perigosos \/ Fogos de Artif\u00edcio<\/p>\n<p><span style=\"color: #4ab1e4;\"><strong>X&nbsp; <\/strong><\/span>Fluidos - Adesivos \/ Tintas<\/p>\n<p><span style=\"color: #4ab1e4;\"><strong>X&nbsp; <\/strong><\/span>Armas de fogo \/ espadas \/ facas \/ armas<\/p>\n<p><span style=\"color: #4ab1e4;\"><strong>X&nbsp; <\/strong><\/span>Animais Vivos<\/p>\n<p><span style=\"color: #4ab1e4;\"><strong>X&nbsp; <\/strong><\/span>Dinheiro \/ Chaves \/ Valores Mobili\u00e1rios \/ Pagamento<\/p>\n<p><span style=\"color: #4ab1e4;\"><strong>X&nbsp; <\/strong><\/span>Itens danificados, quebrados ou que requerem reparo<\/p>\n<p><span style=\"color: #4ab1e4;\"><strong>X&nbsp; <\/strong><\/span>Plantas e sementes<\/p>\n<p><span style=\"color: #4ab1e4;\"><strong>X&nbsp; <\/strong><\/span>Material Pornogr\u00e1fico<\/p>\n<p><span style=\"color: #4ab1e4;\"><strong>X&nbsp; <\/strong><\/span>Tabacco, e-cigarrete or produtos relacionados ao vaping; drogas e alcool<\/p>\n<p><span style=\"color: #4ab1e4;\"><strong>X&nbsp; <\/strong><\/span>Extintores de inc\u00eandio<\/p>\n<p><span style=\"color: #4ab1e4;\"><strong>X&nbsp; <\/strong><\/span>Baterias<\/p>\n<p><span style=\"color: #4ab1e4;\"><strong>X&nbsp; <\/strong><\/span>Produtos falsificados ou Imitados<\/p>\n<p><span style=\"color: #4ab1e4;\"><strong>X&nbsp; <\/strong><\/span>Itens que est\u00e3o molhados, vazando ou emitindo odor<\/p>\n<p><span style=\"color: #4ab1e4;\"><strong>X&nbsp; <\/strong><\/span>Res\u00edduos biom\u00e9dicos, como agulhas, seringas, etc.<\/p>\n<p><span style=\"color: #4ab1e4;\"><strong>X&nbsp; <\/strong><\/span>Lixo ou lixo prejudicial<\/p>\n<p><span style=\"color: #4ab1e4;\"><strong>X&nbsp; <\/strong><\/span>Perec\u00edveis, como alimentos e bebidas<\/p>\n\n\t\t<\/div>\n\t<\/div>\n<\/div><\/div><\/div><\/div>","protected":false},"excerpt":{"rendered":"PROHIBITED GOODS Find below a list of items that are prohibited for (international) transport, due to safety, health risks or trade embargoes. X &nbsp;Animal skin...","protected":false},"author":1,"featured_media":0,"parent":0,"menu_order":0,"comment_status":"closed","ping_status":"closed","template":"","meta":{"footnotes":""},"class_list":["post-8457","page","type-page","status-publish","hentry"],"_links":{"self":[{"href":"https:\/\/primelogsolutions.com\/pt\/wp-json\/wp\/v2\/pages\/8457","targetHints":{"allow":["GET"]}}],"collection":[{"href":"https:\/\/primelogsolutions.com\/pt\/wp-json\/wp\/v2\/pages"}],"about":[{"href":"https:\/\/primelogsolutions.com\/pt\/wp-json\/wp\/v2\/types\/page"}],"author":[{"embeddable":true,"href":"https:\/\/primelogsolutions.com\/pt\/wp-json\/wp\/v2\/users\/1"}],"replies":[{"embeddable":true,"href":"https:\/\/primelogsolutions.com\/pt\/wp-json\/wp\/v2\/comments?post=8457"}],"version-history":[{"count":9,"href":"https:\/\/primelogsolutions.com\/pt\/wp-json\/wp\/v2\/pages\/8457\/revisions"}],"predecessor-version":[{"id":8929,"href":"https:\/\/primelogsolutions.com\/pt\/wp-json\/wp\/v2\/pages\/8457\/revisions\/8929"}],"wp:attachment":[{"href":"https:\/\/primelogsolutions.com\/pt\/wp-json\/wp\/v2\/media?parent=8457"}],"curies":[{"name":"wp","href":"https:\/\/api.w.org\/{rel}","templated":true}]}}