{"id":8596,"date":"2019-03-05T19:49:18","date_gmt":"2019-03-05T19:49:18","guid":{"rendered":"https:\/\/primelogsolutions.com\/?page_id=8596"},"modified":"2019-03-07T18:52:32","modified_gmt":"2019-03-07T18:52:32","slug":"containers","status":"publish","type":"page","link":"https:\/\/primelogsolutions.com\/pt\/containers\/","title":{"rendered":"Containers"},"content":{"rendered":"<div class=\"vc_row wpb_row vc_row-fluid vc_custom_1551816407208 et_custom_uniqid_6a01d8dcc3220 mpc-row\"><div class=\"wpb_column vc_column_container vc_col-sm-12 et_custom_uniqid_6a01d8dcc31d4 mpc-column\" data-column-id=\"mpc_column-126a01d8dee1549\"><div class=\"vc_column-inner\"><div class=\"wpb_wrapper\">\n\t<div class=\"wpb_text_column wpb_content_element\">\n\t\t<div class=\"wpb_wrapper\">\n\t\t\t<h1 class=\"e-headline e-headline--h2 e-headline--center e-headline--dark m-stagestandard__content-headline js-m-stagestandard__content-headline\" style=\"text-align: center;\">O cont\u00eainer certo para cada trabalho<\/h1>\n\n\t\t<\/div>\n\t<\/div>\n\n\t<div class=\"wpb_text_column wpb_content_element  vc_custom_1551898453610\">\n\t\t<div class=\"wpb_wrapper\">\n\t\t\t<p style=\"text-align: center;\">Com diferentes tamanhos de cont\u00eainer, a Prime Log Solutions tem flexibilidade para responder a uma ampla gama de requisitos de transporte. Nossos especialistas em log\u00edstica garantem que o cont\u00eainer certo para atender \u00e0s necessidades de nossos clientes esteja no lugar certo, na hora certa - para um \u00f3timo posicionamento na cadeia de transporte. Encontre abaixo o tamanho do cont\u00eainer que melhor atende \u00e0s suas necessidades.<\/p>\n\n\t\t<\/div>\n\t<\/div>\n<\/div><\/div><\/div><\/div><div class=\"vc_row wpb_row vc_row-fluid vc_custom_1551820636638 et_custom_uniqid_6a01d8dcc3220 mpc-row\"><div class=\"wpb_column vc_column_container vc_col-sm-12 et_custom_uniqid_6a01d8dcc31d4 mpc-column\" data-column-id=\"mpc_column-476a01d8def2297\"><div class=\"vc_column-inner\"><div class=\"wpb_wrapper\">\n\t<div class=\"wpb_text_column wpb_content_element\">\n\t\t<div class=\"wpb_wrapper\">\n\t\t\t<h2 style=\"text-align: left;\">Containers Padr\u00e3o:<\/h2>\n\n\t\t<\/div>\n\t<\/div>\n<div class=\"vc_row wpb_row vc_inner vc_row-fluid et_custom_uniqid_6a01d8dcc3178 mpc-row\"><div class=\"wpb_column vc_column_container vc_col-sm-6 et_custom_uniqid_6a01d8dcc31eb mpc-column\" data-column-id=\"mpc_column-676a01d8dee3465\"><div class=\"vc_column-inner\"><div class=\"wpb_wrapper\">\n\t<div class=\"wpb_single_image wpb_content_element vc_align_center  vc_custom_1551903520856\">\n\t\t<h2 class=\"wpb_heading wpb_singleimage_heading\">20'<\/h2>\n\t\t<figure class=\"wpb_wrapper vc_figure\">\n\t\t\t<div class=\"vc_single_image-wrapper   vc_box_border_grey\"><img decoding=\"async\" width=\"288\" height=\"168\" src=\"https:\/\/primelogsolutions.com\/wp-content\/uploads\/xstore\/xstore-placeholder-172x100.png\" class=\"vc_single_image-img attachment-medium lazyload lazyload-simple et-lazyload-fadeIn\" alt=\"\" data-src=\"https:\/\/primelogsolutions.com\/wp-content\/uploads\/2019\/03\/product_jpg.jpg\"><\/div>\n\t\t<\/figure>\n\t<\/div>\n<\/div><\/div><\/div><div class=\"wpb_column vc_column_container vc_col-sm-6 et_custom_uniqid_6a01d8dcc31eb mpc-column\" data-column-id=\"mpc_column-376a01d8dee39c4\"><div class=\"vc_column-inner\"><div class=\"wpb_wrapper\">\n\t<div class=\"wpb_text_column wpb_content_element\">\n\t\t<div class=\"wpb_wrapper\">\n\t\t\t<p><img decoding=\"async\" class=\"alignnone wp-image-8639\" src=\"https:\/\/primelogsolutions.com\/wp-content\/uploads\/2019\/03\/1b-1-262x300.png\" alt=\"\" width=\"371\" height=\"425\" srcset=\"https:\/\/primelogsolutions.com\/wp-content\/uploads\/2019\/03\/1b-1-262x300.png 262w, https:\/\/primelogsolutions.com\/wp-content\/uploads\/2019\/03\/1b-1.png 552w\" sizes=\"(max-width: 371px) 100vw, 371px\" \/><\/p>\n\n\t\t<\/div>\n\t<\/div>\n<\/div><\/div><\/div><\/div><div data-id=\"mpc_divider-46a01d8dee3b9d\" class=\"mpc-divider-wrap\"><div class=\"mpc-divider mpc-init mpc-align--center mpc-disable--left\"><div class=\"mpc-divider__line mpc-side--left\"><span><\/span><\/div><div class=\"mpc-divider__line mpc-side--right\"><span><\/span><\/div><\/div><\/div><div class=\"vc_row wpb_row vc_inner vc_row-fluid vc_custom_1551984688185 et_custom_uniqid_6a01d8dcc3178 mpc-row\"><div class=\"wpb_column vc_column_container vc_col-sm-6 et_custom_uniqid_6a01d8dcc31eb mpc-column\" data-column-id=\"mpc_column-806a01d8dee416b\"><div class=\"vc_column-inner\"><div class=\"wpb_wrapper\">\n\t<div class=\"wpb_text_column wpb_content_element\">\n\t\t<div class=\"wpb_wrapper\">\n\t\t\t<p><img decoding=\"async\" class=\"alignnone wp-image-8660\" src=\"https:\/\/primelogsolutions.com\/wp-content\/uploads\/2019\/03\/1C-251x300.png\" alt=\"\" width=\"378\" height=\"452\" srcset=\"https:\/\/primelogsolutions.com\/wp-content\/uploads\/2019\/03\/1C-251x300.png 251w, https:\/\/primelogsolutions.com\/wp-content\/uploads\/2019\/03\/1C.png 548w\" sizes=\"(max-width: 378px) 100vw, 378px\" \/><\/p>\n\n\t\t<\/div>\n\t<\/div>\n<\/div><\/div><\/div><div class=\"wpb_column vc_column_container vc_col-sm-6 et_custom_uniqid_6a01d8dcc31eb mpc-column\" data-column-id=\"mpc_column-556a01d8dee4fa5\"><div class=\"vc_column-inner vc_custom_1551904040990\"><div class=\"wpb_wrapper\">\n\t<div class=\"wpb_single_image wpb_content_element vc_align_left\">\n\t\t<h2 class=\"wpb_heading wpb_singleimage_heading\">40'<\/h2>\n\t\t<figure class=\"wpb_wrapper vc_figure\">\n\t\t\t<div class=\"vc_single_image-wrapper   vc_box_border_grey\"><img decoding=\"async\" width=\"300\" height=\"189\" src=\"https:\/\/primelogsolutions.com\/wp-content\/uploads\/xstore\/xstore-placeholder-159x100.png\" class=\"vc_single_image-img attachment-medium lazyload lazyload-simple et-lazyload-fadeIn\" alt=\"\" sizes=\"(max-width: 300px) 100vw, 300px\" data-src=\"https:\/\/primelogsolutions.com\/wp-content\/uploads\/2019\/03\/2_stand_long-f-300x189.jpg\" data-srcset=\"https:\/\/primelogsolutions.com\/wp-content\/uploads\/2019\/03\/2_stand_long-f-300x189.jpg 300w, https:\/\/primelogsolutions.com\/wp-content\/uploads\/2019\/03\/2_stand_long-f.jpg 336w\"><\/div>\n\t\t<\/figure>\n\t<\/div>\n<\/div><\/div><\/div><\/div><div data-id=\"mpc_divider-756a01d8dee5167\" class=\"mpc-divider-wrap\"><div class=\"mpc-divider mpc-init mpc-align--center mpc-disable--left\"><div class=\"mpc-divider__line mpc-side--left\"><span><\/span><\/div><div class=\"mpc-divider__line mpc-side--right\"><span><\/span><\/div><\/div><\/div>\n\t<div class=\"wpb_text_column wpb_content_element  vc_custom_1551984726697\">\n\t\t<div class=\"wpb_wrapper\">\n\t\t\t<h2 style=\"text-align: left;\">High Cube Containers:<\/h2>\n\n\t\t<\/div>\n\t<\/div>\n<div class=\"vc_row wpb_row vc_inner vc_row-fluid et_custom_uniqid_6a01d8dcc3178 mpc-row\"><div class=\"wpb_column vc_column_container vc_col-sm-6 et_custom_uniqid_6a01d8dcc31eb mpc-column\" data-column-id=\"mpc_column-876a01d8def1935\"><div class=\"vc_column-inner vc_custom_1551904300016\"><div class=\"wpb_wrapper\">\n\t<div class=\"wpb_single_image wpb_content_element vc_align_center\">\n\t\t<h2 class=\"wpb_heading wpb_singleimage_heading\">40'<\/h2>\n\t\t<figure class=\"wpb_wrapper vc_figure\">\n\t\t\t<div class=\"vc_single_image-wrapper   vc_box_border_grey\"><img decoding=\"async\" width=\"300\" height=\"181\" src=\"https:\/\/primelogsolutions.com\/wp-content\/uploads\/xstore\/xstore-placeholder-166x100.png\" class=\"vc_single_image-img attachment-medium lazyload lazyload-simple et-lazyload-fadeIn\" alt=\"\" sizes=\"(max-width: 300px) 100vw, 300px\" data-src=\"https:\/\/primelogsolutions.com\/wp-content\/uploads\/2019\/03\/3_highcube_stand-300x181.jpg\" data-srcset=\"https:\/\/primelogsolutions.com\/wp-content\/uploads\/2019\/03\/3_highcube_stand-300x181.jpg 300w, https:\/\/primelogsolutions.com\/wp-content\/uploads\/2019\/03\/3_highcube_stand.jpg 302w\"><\/div>\n\t\t<\/figure>\n\t<\/div>\n<\/div><\/div><\/div><div class=\"wpb_column vc_column_container vc_col-sm-6 et_custom_uniqid_6a01d8dcc31eb mpc-column\" data-column-id=\"mpc_column-456a01d8def1f07\"><div class=\"vc_column-inner\"><div class=\"wpb_wrapper\">\n\t<div class=\"wpb_text_column wpb_content_element\">\n\t\t<div class=\"wpb_wrapper\">\n\t\t\t<p><img decoding=\"async\" class=\"alignnone wp-image-8662\" src=\"https:\/\/primelogsolutions.com\/wp-content\/uploads\/2019\/03\/1d-265x300.png\" alt=\"\" width=\"391\" height=\"443\" srcset=\"https:\/\/primelogsolutions.com\/wp-content\/uploads\/2019\/03\/1d-265x300.png 265w, https:\/\/primelogsolutions.com\/wp-content\/uploads\/2019\/03\/1d.png 640w\" sizes=\"(max-width: 391px) 100vw, 391px\" \/><\/p>\n\n\t\t<\/div>\n\t<\/div>\n<\/div><\/div><\/div><\/div><\/div><\/div><\/div><\/div>","protected":false},"excerpt":{"rendered":"The right container for every job With different sizes of container , Prime Log Solutions has the flexibility to respond to a wide range of...","protected":false},"author":1,"featured_media":0,"parent":0,"menu_order":0,"comment_status":"closed","ping_status":"closed","template":"","meta":{"footnotes":""},"class_list":["post-8596","page","type-page","status-publish","hentry"],"_links":{"self":[{"href":"https:\/\/primelogsolutions.com\/pt\/wp-json\/wp\/v2\/pages\/8596","targetHints":{"allow":["GET"]}}],"collection":[{"href":"https:\/\/primelogsolutions.com\/pt\/wp-json\/wp\/v2\/pages"}],"about":[{"href":"https:\/\/primelogsolutions.com\/pt\/wp-json\/wp\/v2\/types\/page"}],"author":[{"embeddable":true,"href":"https:\/\/primelogsolutions.com\/pt\/wp-json\/wp\/v2\/users\/1"}],"replies":[{"embeddable":true,"href":"https:\/\/primelogsolutions.com\/pt\/wp-json\/wp\/v2\/comments?post=8596"}],"version-history":[{"count":12,"href":"https:\/\/primelogsolutions.com\/pt\/wp-json\/wp\/v2\/pages\/8596\/revisions"}],"predecessor-version":[{"id":8685,"href":"https:\/\/primelogsolutions.com\/pt\/wp-json\/wp\/v2\/pages\/8596\/revisions\/8685"}],"wp:attachment":[{"href":"https:\/\/primelogsolutions.com\/pt\/wp-json\/wp\/v2\/media?parent=8596"}],"curies":[{"name":"wp","href":"https:\/\/api.w.org\/{rel}","templated":true}]}}