{"id":8665,"date":"2019-03-06T20:46:03","date_gmt":"2019-03-06T20:46:03","guid":{"rendered":"https:\/\/primelogsolutions.com\/?page_id=8665"},"modified":"2019-03-06T21:23:38","modified_gmt":"2019-03-06T21:23:38","slug":"international-shipments","status":"publish","type":"page","link":"https:\/\/primelogsolutions.com\/pt\/international-shipments\/","title":{"rendered":"Remessas Internacionais"},"content":{"rendered":"<div data-vc-full-width=\"true\" data-vc-full-width-init=\"false\" data-vc-stretch-content=\"true\" class=\"vc_row wpb_row vc_row-fluid vc_custom_1551906724290 vc_row-has-fill vc_row-no-padding vc_row-o-full-height vc_row-o-columns-top vc_row-o-equal-height vc_row-o-content-top vc_row-flex et_custom_uniqid_69fb55ece4596 mpc-row\"><div class=\"wpb_column vc_column_container vc_col-sm-12 vc_col-has-fill et_custom_uniqid_69fb55ece455e mpc-column\" data-column-id=\"mpc_column-6269fb55ee2e5ba\"><div class=\"vc_column-inner vc_custom_1551907122614\"><div class=\"wpb_wrapper\">\n\t<div class=\"wpb_text_column wpb_content_element\">\n\t\t<div class=\"wpb_wrapper\">\n\t\t\t<h1 style=\"text-align: center;\"><span style=\"color: #ffffff;\">IMAGINE<\/span><\/h1>\n<h2 style=\"text-align: center;\"><span style=\"color: #ffffff;\">uma equipe t\u00e3o confi\u00e1vel, t\u00e3o f\u00e1cil de trabalhar, <\/span><\/h2>\n<h2 style=\"text-align: center;\"><span style=\"color: #ffffff;\">que abra\u00e7am o atendimento personalizado; <\/span><\/h2>\n<h2 style=\"text-align: center;\"><span style=\"color: #ffffff;\">qualquer coisa se torna poss\u00edvel!<\/span><\/h2>\n\n\t\t<\/div>\n\t<\/div>\n<\/div><\/div><\/div><\/div><div class=\"vc_row-full-width vc_clearfix\"><\/div><div class=\"vc_row wpb_row vc_row-fluid vc_custom_1551907227918 et_custom_uniqid_69fb55ece4596 mpc-row\"><div class=\"wpb_column vc_column_container vc_col-sm-12 et_custom_uniqid_69fb55ece455e mpc-column\" data-column-id=\"mpc_column-4269fb55ee2f0b4\"><div class=\"vc_column-inner\"><div class=\"wpb_wrapper\">\n\t<div class=\"wpb_text_column wpb_content_element\">\n\t\t<div class=\"wpb_wrapper\">\n\t\t\t<h1 style=\"text-align: center;\">TRANSPORTE INTERNACIONAL<\/h1>\n<h3 style=\"text-align: center;\">Aprenda Mais<\/h3>\n\n\t\t<\/div>\n\t<\/div>\n\n\t<div class=\"wpb_text_column wpb_content_element\">\n\t\t<div class=\"wpb_wrapper\">\n\t\t\t<p style=\"text-align: center;\">A Prime Log Solutions tamb\u00e9m pode coordenar toda a log\u00edstica operacional internacional de sua empresa de maneira oportuna e eficaz, obtendo o que voc\u00ea precisa daqui para l\u00e1 com seguran\u00e7a, no tempo e sem estresse; \u00c9 isso que os clientes da Prime Log Solutions mais gostam de n\u00f3s. N\u00f3s entregamos, em qualquer lugar que voc\u00ea precisa que a gente v\u00e1. Essa \u00e9 nossa promessa para voc\u00ea.<\/p>\n\n\t\t<\/div>\n\t<\/div>\n<\/div><\/div><\/div><\/div>","protected":false},"excerpt":{"rendered":"IMAGINE a team so dependable, so easy to work with, that embrace personalized service; anything becomes possible! INTERNATIONAL SHIPMENTS Learn More Prime Log Solutions can...","protected":false},"author":1,"featured_media":0,"parent":0,"menu_order":0,"comment_status":"closed","ping_status":"closed","template":"","meta":{"footnotes":""},"class_list":["post-8665","page","type-page","status-publish","hentry"],"_links":{"self":[{"href":"https:\/\/primelogsolutions.com\/pt\/wp-json\/wp\/v2\/pages\/8665","targetHints":{"allow":["GET"]}}],"collection":[{"href":"https:\/\/primelogsolutions.com\/pt\/wp-json\/wp\/v2\/pages"}],"about":[{"href":"https:\/\/primelogsolutions.com\/pt\/wp-json\/wp\/v2\/types\/page"}],"author":[{"embeddable":true,"href":"https:\/\/primelogsolutions.com\/pt\/wp-json\/wp\/v2\/users\/1"}],"replies":[{"embeddable":true,"href":"https:\/\/primelogsolutions.com\/pt\/wp-json\/wp\/v2\/comments?post=8665"}],"version-history":[{"count":3,"href":"https:\/\/primelogsolutions.com\/pt\/wp-json\/wp\/v2\/pages\/8665\/revisions"}],"predecessor-version":[{"id":8671,"href":"https:\/\/primelogsolutions.com\/pt\/wp-json\/wp\/v2\/pages\/8665\/revisions\/8671"}],"wp:attachment":[{"href":"https:\/\/primelogsolutions.com\/pt\/wp-json\/wp\/v2\/media?parent=8665"}],"curies":[{"name":"wp","href":"https:\/\/api.w.org\/{rel}","templated":true}]}}