{"id":8850,"date":"2019-05-01T14:12:16","date_gmt":"2019-05-01T14:12:16","guid":{"rendered":"https:\/\/primelogsolutions.com\/?page_id=8850"},"modified":"2019-05-08T17:38:50","modified_gmt":"2019-05-08T17:38:50","slug":"courier-for-business","status":"publish","type":"page","link":"https:\/\/primelogsolutions.com\/pt\/courier-for-business\/","title":{"rendered":"Courier para Empresas"},"content":{"rendered":"<div data-vc-full-width=\"true\" data-vc-full-width-init=\"false\" data-vc-stretch-content=\"true\" class=\"vc_row wpb_row vc_row-fluid vc_custom_1556721793190 vc_row-has-fill vc_row-no-padding vc_row-o-full-height vc_row-o-columns-top vc_row-o-equal-height vc_row-o-content-top vc_row-flex et_custom_uniqid_69fb419437e47 mpc-row\"><div class=\"wpb_column vc_column_container vc_col-sm-12 et_custom_uniqid_69fb419437ddb mpc-column\" data-column-id=\"mpc_column-1369fb419535a69\"><div class=\"vc_column-inner vc_custom_1556721323134\"><div class=\"wpb_wrapper\">\n\t<div class=\"wpb_text_column wpb_content_element\">\n\t\t<div class=\"wpb_wrapper\">\n\t\t\t\n\t\t<\/div>\n\t<\/div>\n<\/div><\/div><\/div><\/div><div class=\"vc_row-full-width vc_clearfix\"><\/div><div class=\"vc_row wpb_row vc_row-fluid et_custom_uniqid_69fb419437e47 mpc-row\"><div class=\"wpb_column vc_column_container vc_col-sm-12 et_custom_uniqid_69fb419437ddb mpc-column\" data-column-id=\"mpc_column-8569fb41953645c\"><div class=\"vc_column-inner\"><div class=\"wpb_wrapper\">\n\t<div class=\"wpb_text_column wpb_content_element  vc_custom_1556721972881\">\n\t\t<div class=\"wpb_wrapper\">\n\t\t\t<h1 style=\"text-align: center;\">Solu\u00e7\u00e3o Courier para o seu Neg\u00f3cio<\/h1>\n\n\t\t<\/div>\n\t<\/div>\n\n\t<div class=\"wpb_text_column wpb_content_element\">\n\t\t<div class=\"wpb_wrapper\">\n\t\t\t<p style=\"text-align: center;\">Fornecendo \u00e0s empresas solu\u00e7\u00f5es de servi\u00e7os de courier internacional dos EUA para seus clientes em todo o mundo. Trazendo servi\u00e7os de envio e entrega de qualidade e custo-benef\u00edcio que aumentam a velocidade, a efici\u00eancia e a produtividade para o seu neg\u00f3cio. N\u00f3s personalizamos os servi\u00e7os necess\u00e1rios que ajudar\u00e3o a melhorar a maneira como voc\u00ea faz neg\u00f3cios e atende melhor seus clientes.<\/p>\n\n\t\t<\/div>\n\t<\/div>\n\n\t<div class=\"wpb_text_column wpb_content_element\">\n\t\t<div class=\"wpb_wrapper\">\n\t\t\t<p style=\"text-align: center;\">Clique abaixo para se registrar e obter o seu endere\u00e7o de entrega e ID NUMBER (seu n\u00famero de identifica\u00e7\u00e3o exclusivo) para ser inserido em suas remessas para o nosso armaz\u00e9m.<\/p>\n<p style=\"text-align: center;\"><a target=\"\" class=\"btn  medium active\" href=\"https:\/\/primelogsolutions.com\/pt\/courier-registration\/\"><span> Cadastra-se<\/span><\/a><\/p>\n\n\t\t<\/div>\n\t<\/div>\n<\/div><\/div><\/div><\/div><div class=\"vc_row wpb_row vc_row-fluid vc_custom_1556724269122 et_custom_uniqid_69fb419437e47 mpc-row\"><div class=\"wpb_column vc_column_container vc_col-sm-12 et_custom_uniqid_69fb419437ddb mpc-column\" data-column-id=\"mpc_column-6769fb419537ee5\"><div class=\"vc_column-inner\"><div class=\"wpb_wrapper\">\n\t<div class=\"wpb_text_column wpb_content_element\">\n\t\t<div class=\"wpb_wrapper\">\n\t\t\t<h2 style=\"text-align: center;\">PORQUE ESCOLHER-NOS?<\/h2>\n\n\t\t<\/div>\n\t<\/div>\n<div class=\"vc_row wpb_row vc_inner vc_row-fluid vc_custom_1556724976362 et_custom_uniqid_69fb419437d5a mpc-row\"><div class=\"wpb_column vc_column_container vc_col-sm-3 et_custom_uniqid_69fb419437dff mpc-column\" data-column-id=\"mpc_column-9969fb41953722d\"><div class=\"vc_column-inner\"><div class=\"wpb_wrapper\">\n\t<div class=\"wpb_text_column wpb_content_element\">\n\t\t<div class=\"wpb_wrapper\">\n\t\t\t<h4 style=\"text-align: center;\"><img decoding=\"async\" class=\"alignnone wp-image-8861\" src=\"https:\/\/primelogsolutions.com\/wp-content\/uploads\/2019\/05\/4b664c72b5acf0e998f810ec0f6df7c8-stopwatch-timer-stroke-icon-by-vexels-300x300.png\" alt=\"\" width=\"72\" height=\"72\" srcset=\"https:\/\/primelogsolutions.com\/wp-content\/uploads\/2019\/05\/4b664c72b5acf0e998f810ec0f6df7c8-stopwatch-timer-stroke-icon-by-vexels-300x300.png 300w, https:\/\/primelogsolutions.com\/wp-content\/uploads\/2019\/05\/4b664c72b5acf0e998f810ec0f6df7c8-stopwatch-timer-stroke-icon-by-vexels-150x150.png 150w, https:\/\/primelogsolutions.com\/wp-content\/uploads\/2019\/05\/4b664c72b5acf0e998f810ec0f6df7c8-stopwatch-timer-stroke-icon-by-vexels.png 512w\" sizes=\"(max-width: 72px) 100vw, 72px\" \/><\/h4>\n<h4 style=\"text-align: center;\">RAPIDEZ<br>\n<span style=\"color: #999999;\"><strong>&ndash;<\/strong><\/span><\/h4>\n<h6 style=\"text-align: center;\"><span style=\"color: #808080;\">Entrega de 5-7 dias \u00fateis ap\u00f3s a chegada em nosso armaz\u00e9m<\/span><\/h6>\n\n\t\t<\/div>\n\t<\/div>\n<\/div><\/div><\/div><div class=\"wpb_column vc_column_container vc_col-sm-3 et_custom_uniqid_69fb419437dff mpc-column\" data-column-id=\"mpc_column-7669fb4195375a3\"><div class=\"vc_column-inner\"><div class=\"wpb_wrapper\">\n\t<div class=\"wpb_text_column wpb_content_element\">\n\t\t<div class=\"wpb_wrapper\">\n\t\t\t<h4 style=\"text-align: center;\"><img decoding=\"async\" class=\"alignnone wp-image-8862\" src=\"https:\/\/primelogsolutions.com\/wp-content\/uploads\/2019\/05\/epc_left_navigation_icon_secure_235855-300x300.png\" alt=\"\" width=\"73\" height=\"73\" srcset=\"https:\/\/primelogsolutions.com\/wp-content\/uploads\/2019\/05\/epc_left_navigation_icon_secure_235855-300x300.png 300w, https:\/\/primelogsolutions.com\/wp-content\/uploads\/2019\/05\/epc_left_navigation_icon_secure_235855-150x150.png 150w, https:\/\/primelogsolutions.com\/wp-content\/uploads\/2019\/05\/epc_left_navigation_icon_secure_235855.png 512w\" sizes=\"(max-width: 73px) 100vw, 73px\" \/><\/h4>\n<h4 style=\"text-align: center;\">SEGURAN\u00c7A DA CARGA<br>\n<span style=\"color: #999999;\">&ndash;<\/span><\/h4>\n<h6 style=\"text-align: center;\"><span style=\"color: #808080;\">Documentos importantes e ativos de alto valor protegidos com medidas de seguran\u00e7a de alto n\u00edvel. Todas as remessas ter\u00e3o seguro.<\/span><\/h6>\n\n\t\t<\/div>\n\t<\/div>\n<\/div><\/div><\/div><div class=\"wpb_column vc_column_container vc_col-sm-3 et_custom_uniqid_69fb419437dff mpc-column\" data-column-id=\"mpc_column-9169fb4195378a8\"><div class=\"vc_column-inner\"><div class=\"wpb_wrapper\">\n\t<div class=\"wpb_text_column wpb_content_element\">\n\t\t<div class=\"wpb_wrapper\">\n\t\t\t<h4 style=\"text-align: center;\"><img decoding=\"async\" class=\"alignnone wp-image-8867\" src=\"https:\/\/primelogsolutions.com\/wp-content\/uploads\/2019\/05\/ShakingHands-300x300.png\" alt=\"\" width=\"72\" height=\"72\" srcset=\"https:\/\/primelogsolutions.com\/wp-content\/uploads\/2019\/05\/ShakingHands-300x300.png 300w, https:\/\/primelogsolutions.com\/wp-content\/uploads\/2019\/05\/ShakingHands-150x150.png 150w, https:\/\/primelogsolutions.com\/wp-content\/uploads\/2019\/05\/ShakingHands.png 453w\" sizes=\"(max-width: 72px) 100vw, 72px\" \/><\/h4>\n<h4 style=\"text-align: center;\">SERVI\u00c7O PERSONALIZADO<br>\n<span style=\"color: #999999;\">&ndash;<\/span><\/h4>\n<h6 style=\"text-align: center;\"><span style=\"color: #808080;\">Servi\u00e7o personalizado para ajudar voc\u00ea a melhorar seus neg\u00f3cios para atender aos clientes<\/span><\/h6>\n\n\t\t<\/div>\n\t<\/div>\n<\/div><\/div><\/div><div class=\"wpb_column vc_column_container vc_col-sm-3 et_custom_uniqid_69fb419437dff mpc-column\" data-column-id=\"mpc_column-1369fb419537bb0\"><div class=\"vc_column-inner\"><div class=\"wpb_wrapper\">\n\t<div class=\"wpb_text_column wpb_content_element\">\n\t\t<div class=\"wpb_wrapper\">\n\t\t\t<h4 style=\"text-align: center;\"><img decoding=\"async\" class=\"alignnone wp-image-8866\" src=\"https:\/\/primelogsolutions.com\/wp-content\/uploads\/2019\/05\/1_bonus_cut_discount_price_reduce-512-300x300.png\" alt=\"\" width=\"63\" height=\"63\" srcset=\"https:\/\/primelogsolutions.com\/wp-content\/uploads\/2019\/05\/1_bonus_cut_discount_price_reduce-512-300x300.png 300w, https:\/\/primelogsolutions.com\/wp-content\/uploads\/2019\/05\/1_bonus_cut_discount_price_reduce-512-150x150.png 150w, https:\/\/primelogsolutions.com\/wp-content\/uploads\/2019\/05\/1_bonus_cut_discount_price_reduce-512.png 512w\" sizes=\"(max-width: 63px) 100vw, 63px\" \/><\/h4>\n<h4 style=\"text-align: center;\">BAIXOS CUSTOS<br>\n<span style=\"color: #999999;\">&ndash;<\/span><\/h4>\n<h6 style=\"text-align: center;\"><span style=\"color: #808080;\">Compare facilmente nossos pre\u00e7os com os concorrentes e obtenha as taxas mais baixas conosco<\/span><\/h6>\n\n\t\t<\/div>\n\t<\/div>\n<\/div><\/div><\/div><\/div><\/div><\/div><\/div><\/div><div data-vc-full-width=\"true\" data-vc-full-width-init=\"false\" class=\"vc_row wpb_row vc_row-fluid vc_custom_1556726919369 vc_row-has-fill et_custom_uniqid_69fb419437e47 mpc-row\"><div class=\"wpb_column vc_column_container vc_col-sm-12 et_custom_uniqid_69fb419437ddb mpc-column\" data-column-id=\"mpc_column-3769fb41953bc8c\"><div class=\"vc_column-inner\"><div class=\"wpb_wrapper\"><div class=\"vc_row wpb_row vc_inner vc_row-fluid et_custom_uniqid_69fb419437d5a mpc-row\"><div class=\"wpb_column vc_column_container vc_col-sm-6 vc_col-has-fill et_custom_uniqid_69fb419437dff mpc-column\" data-column-id=\"mpc_column-2969fb419538fac\"><div class=\"vc_column-inner vc_custom_1556726660810\"><div class=\"wpb_wrapper\"><h2 style=\"text-align: left\" class=\"vc_custom_heading\">ATENDIMENTO PERSONALIZADO PARA VOC\u00ca E SUA EMPRESA<\/h2>\n\t<div class=\"wpb_text_column wpb_content_element\">\n\t\t<div class=\"wpb_wrapper\">\n\t\t\t<p style=\"color: #a2dbff; text-align: center;\">Contacte-nos com qualquer d\u00favida que voc\u00ea tenha sobre o nosso servi\u00e7o de courier para neg\u00f3cios.<\/p>\n<p style=\"font-weight: 400; text-align: center;\"><span style=\"color: #ffffff;\"><strong>Prime Log Solutions<br>\n<\/strong><strong>10470 NW 26th St. &ndash; Suite A<br>\n<\/strong><strong>Doral, FL 33172<br>\n<\/strong><strong>Phone: 305-418-9201 \/ Fax 866-422-3257<\/strong><\/span><\/p>\n\n\t\t<\/div>\n\t<\/div>\n<\/div><\/div><\/div><div class=\"wpb_column vc_column_container vc_col-sm-6 et_custom_uniqid_69fb419437dff mpc-column\" data-column-id=\"mpc_column-1769fb41953b8a6\"><div class=\"vc_column-inner\"><div class=\"wpb_wrapper\"><h2 style=\"text-align: left\" class=\"vc_custom_heading\">ENTRE EM CONTATO<\/h2>\n<div class=\"wpcf7 no-js\" id=\"wpcf7-f5162-o1\" lang=\"en-US\" dir=\"ltr\" data-wpcf7-id=\"5162\">\n<div class=\"screen-reader-response\"><p role=\"status\" aria-live=\"polite\" aria-atomic=\"true\"><\/p> <ul><\/ul><\/div>\n<form action=\"\/pt\/wp-json\/wp\/v2\/pages\/8850#wpcf7-f5162-o1\" method=\"post\" class=\"wpcf7-form init\" aria-label=\"Contact form\" novalidate=\"novalidate\" data-status=\"init\" data-trp-original-action=\"\/pt\/wp-json\/wp\/v2\/pages\/8850#wpcf7-f5162-o1\">\n<fieldset class=\"hidden-fields-container\"><input type=\"hidden\" name=\"_wpcf7\" value=\"5162\"><input type=\"hidden\" name=\"_wpcf7_version\" value=\"6.1.5\"><input type=\"hidden\" name=\"_wpcf7_locale\" value=\"en_US\"><input type=\"hidden\" name=\"_wpcf7_unit_tag\" value=\"wpcf7-f5162-o1\"><input type=\"hidden\" name=\"_wpcf7_container_post\" value=\"0\"><input type=\"hidden\" name=\"_wpcf7_posted_data_hash\" value=\"\">\n<\/fieldset>\n<div class=\"row hosting-contact-form\">\n\t<p class=\"col-md-6\"><span class=\"wpcf7-form-control-wrap\" data-name=\"your-name\"><input size=\"40\" maxlength=\"400\" class=\"wpcf7-form-control wpcf7-text wpcf7-validates-as-required\" aria-required=\"true\" aria-invalid=\"false\" placeholder=\"Seu Nome*\" value=\"\" type=\"text\" name=\"your-name\"><\/span>\n\t<\/p>\n\t<p class=\"col-md-6\"><span class=\"wpcf7-form-control-wrap\" data-name=\"your-email\"><input size=\"40\" maxlength=\"400\" class=\"wpcf7-form-control wpcf7-email wpcf7-validates-as-required wpcf7-text wpcf7-validates-as-email\" aria-required=\"true\" aria-invalid=\"false\" placeholder=\"Email *\" value=\"\" type=\"email\" name=\"your-email\"><\/span>\n\t<\/p>\n\t<p class=\"col-md-12\"><br>\n<span class=\"wpcf7-form-control-wrap\" data-name=\"your-message\"><textarea cols=\"5\" rows=\"5\" maxlength=\"2000\" class=\"wpcf7-form-control wpcf7-textarea\" aria-invalid=\"false\" placeholder=\"Sua Mensagem\" name=\"your-message\"><\/textarea><\/span><br>\n<input class=\"wpcf7-form-control wpcf7-submit has-spinner form-button\" type=\"submit\" value=\"ENVIAR MENSAGEM\">\n\t<\/p>\n<\/div><input type=\"hidden\" class=\"wpcf7-pum\" value='{\"closepopup\":false,\"closedelay\":0,\"openpopup\":false,\"openpopup_id\":0}'><div class=\"wpcf7-response-output\" aria-hidden=\"true\"><\/div>\n<input type=\"hidden\" name=\"trp-form-language\" value=\"pt\"\/><\/form>\n<\/div>\n<\/div><\/div><\/div><\/div><\/div><\/div><\/div><\/div><div class=\"vc_row-full-width vc_clearfix\"><\/div><div class=\"vc_row wpb_row vc_row-fluid et_custom_uniqid_69fb419437e47 mpc-row\"><div class=\"wpb_column vc_column_container vc_col-sm-12 et_custom_uniqid_69fb419437ddb mpc-column\" data-column-id=\"mpc_column-8269fb41953c6e9\"><div class=\"vc_column-inner\"><div class=\"wpb_wrapper\">\n\t<div class=\"wpb_text_column wpb_content_element  vc_custom_1556728056750\">\n\t\t<div class=\"wpb_wrapper\">\n\t\t\t<h1 style=\"text-align: center;\">OBTENHA UMA COTA\u00c7\u00c3O GRATUITA HOJE!<\/h1>\n\n\t\t<\/div>\n\t<\/div>\n\n\t<div class=\"wpb_text_column wpb_content_element\">\n\t\t<div class=\"wpb_wrapper\">\n\t\t\t<p style=\"text-align: center;\">Clique no bot\u00e3o abaixo para receber um or\u00e7amento gratuito dos nossos servi\u00e7os de envio de correio<\/p>\n<p style=\"text-align: center;\"><a target=\"\" class=\"btn  medium active\" href=\"https:\/\/primelogsolutions.com\/pt\/quote\/\"><span> COTA\u00c7\u00c3O<\/span><\/a><\/p>\n\n\t\t<\/div>\n\t<\/div>\n<\/div><\/div><\/div><\/div>","protected":false},"excerpt":{"rendered":"Courier Solution for your Business Providing businesses international courier service solutions from USA to your customers across the world. Bringing quality, cost-efficient shipping &amp; delivery...","protected":false},"author":1,"featured_media":0,"parent":0,"menu_order":0,"comment_status":"closed","ping_status":"closed","template":"","meta":{"footnotes":""},"class_list":["post-8850","page","type-page","status-publish","hentry"],"_links":{"self":[{"href":"https:\/\/primelogsolutions.com\/pt\/wp-json\/wp\/v2\/pages\/8850","targetHints":{"allow":["GET"]}}],"collection":[{"href":"https:\/\/primelogsolutions.com\/pt\/wp-json\/wp\/v2\/pages"}],"about":[{"href":"https:\/\/primelogsolutions.com\/pt\/wp-json\/wp\/v2\/types\/page"}],"author":[{"embeddable":true,"href":"https:\/\/primelogsolutions.com\/pt\/wp-json\/wp\/v2\/users\/1"}],"replies":[{"embeddable":true,"href":"https:\/\/primelogsolutions.com\/pt\/wp-json\/wp\/v2\/comments?post=8850"}],"version-history":[{"count":13,"href":"https:\/\/primelogsolutions.com\/pt\/wp-json\/wp\/v2\/pages\/8850\/revisions"}],"predecessor-version":[{"id":8918,"href":"https:\/\/primelogsolutions.com\/pt\/wp-json\/wp\/v2\/pages\/8850\/revisions\/8918"}],"wp:attachment":[{"href":"https:\/\/primelogsolutions.com\/pt\/wp-json\/wp\/v2\/media?parent=8850"}],"curies":[{"name":"wp","href":"https:\/\/api.w.org\/{rel}","templated":true}]}}