{"id":9371,"date":"2019-11-20T19:16:42","date_gmt":"2019-11-20T19:16:42","guid":{"rendered":"https:\/\/primelogsolutions.com\/?page_id=9371"},"modified":"2019-11-20T20:19:10","modified_gmt":"2019-11-20T20:19:10","slug":"courier-important-information","status":"publish","type":"page","link":"https:\/\/primelogsolutions.com\/pt\/courier-important-information\/","title":{"rendered":"Courier: Informa\u00e7\u00e3o Importante"},"content":{"rendered":"<div class=\"vc_row wpb_row vc_row-fluid et_custom_uniqid_69fb44fe35b94 mpc-row\"><div class=\"wpb_column vc_column_container vc_col-sm-12 et_custom_uniqid_69fb44fe35b4c mpc-column\" data-column-id=\"mpc_column-9369fb450035d4b\"><div class=\"vc_column-inner\"><div class=\"wpb_wrapper\">\n\t<div class=\"wpb_text_column wpb_content_element  vc_custom_1574280170879\">\n\t\t<div class=\"wpb_wrapper\">\n\t\t\t<h3 style=\"text-align: left;\">Encontre abaixo informa\u00e7\u00f5es importantes ao usar nosso servi\u00e7o de courier:<\/h3>\n\n\t\t<\/div>\n\t<\/div>\n\n\t<div class=\"wpb_text_column wpb_content_element  vc_custom_1574278989025\">\n\t\t<div class=\"wpb_wrapper\">\n\t\t\t<p><strong>O QUE PODE SER IMPORTADO PELO COURIER<\/strong><br>\nProdutos com ou sem finalidade comercial at\u00e9 US$3,000.<\/p>\n<p>\u00bb Pessoa F\u00edsica:<br>\n- Sem cobertura cambial ou limite de remessas por ano<br>\n- Bagagem desacompanhada com pagamento de tributos reduzidos (50% de imposto de<br>\nimportacao, isento de ICMS)<br>\n- Bens de uso e consumo pessoal n\u00e3o s\u00e3o tributados\nou seja, roupas e calcados usados<br>\nlivros, documentos, peri\u00f3dicos, dentre outros<br>\n\u00bb Pessoa Jur\u00eddica:<br>\n- Com ou sem cobertura cambial;<br>\n- Sem limite de importa\u00e7\u00e3o por ano. (para consumo pr\u00f3prio)<br>\n- Soma das importa\u00e7\u00f5es feitas por uma mesma empresa n\u00e3o pode ser superior a<br>\nUS$100,000 por ano calend\u00e1rio (para revenda)<br>\n\u00bb Empresas Governamentais:<br>\n- Sem limite de valor declarado ou de remessas por ano<br>\n- Isentos de impostos e taxas de importa\u00e7\u00e3o<br>\n\u00bb Produtos com Imunidade de Taxas e Impostos de Importa\u00e7\u00e3o:<br>\n- Livros, peri\u00f3dicos e jornais<br>\n- Fonogramas e videofonogramas musicais produzidos no Brasil e que contenham<br>\npe\u00e7as musicais de artistas Brasileiros ou pe\u00e7as gerais<br>\n\u00bb Produtos Isentos de Taxas e Impostos de Importa\u00e7\u00e3o:<br>\n- Amostras de bens sem valor comercial (indicar claramente na Fatura Comercial que<br>\nse trata do transporte de amostra sem valor comercial \u2013 Samples No Commercial<br>\nValue)<br>\n\u00bb Produtos Suspensos, Restritos e Proibidos:<br>\n- Armas brancas \u2013 suspenso<br>\n- Alimentos, suplementos, vitaminas e alguns produtos de beleza \u2013 Restritos<br>\n(Verificar com ANVISA \u2013 Agencia nacional de vigil\u00e2ncia Sanit\u00e1ria)<br>\n- Medicamentos, redutores de apetite \u2013 Restritos (Apenas com receita m\u00e9dica)<br>\n- Equip. medicos como Estetosc\u00f3pio, botic\u00e3o, esp\u00e1tulas, etc \u2013 Proibidos<br>\n- Armas, Tabaco e \u00e1lcool \u2013 Proibidos<\/p>\n<p><strong>DOCUMENTOS NECESS\u00c1RIOS DO IMPORTADOR<\/strong><\/p>\n<p>- Nome ou Razao Social do importador<br>\n- CPF ou CNPJ da pessoa fisica ou jur\u00eddica que est\u00e1 importando<br>\n- Endere\u00e7o completo com CEP no Brasil<br>\n- Telefone e e-mail para contato<br>\nA falta de CNPJ ou CPF impede a libera\u00e7\u00e3o da remessa, que ser\u00e1 retornada \u00e0 origem.<\/p>\n<p>IMPOSTOS<br>\n\u00bb Imposto de Importa\u00e7\u00e3o: 60% do Valor Aduaneiro;<br>\n\u00bb ICMS: em m\u00e9dia de 18%, variando de acordo com o Estado;<\/p>\n<p>PROCESSO ADUANEIRO<br>\n\u00bb N\u00e3o \u00e9 necess\u00e1rio contratar um despachante ou ter habilita\u00e7\u00e3o RADAR, pois a Prime<br>\nLog Courier \u00e9 respons\u00e1vel por todo o processo aduaneiro, desembara\u00e7ando toda<br>\na mercadoria e entregando na porta do importador.<\/p>\n\n\t\t<\/div>\n\t<\/div>\n\n\t<div class=\"wpb_text_column wpb_content_element\">\n\t\t<div class=\"wpb_wrapper\">\n\t\t\t<p><strong>INFORMA\u00c7\u00d5ES IMPORTANTES<\/strong><\/p>\n<p>Regras Alfandegarias:<br>\n<a href=\"http:\/\/receita.economia.gov.br\/orientacao\/aduaneira\/remessas-\">http:\/\/receita.economia.gov.br\/orientacao\/aduaneira\/remessas-<\/a><br>\ninternational \/ express-delivery \/ questions-and-answers<\/p>\n<p>Instru\u00e7\u00e3o Normativa No. 1073 de 01\/10\/2010:<br>\n<a href=\"http:\/\/normas.receita.fazenda.gov.br\/sijut2consulta\/link.action?vision=annotated\">http:\/\/normas.receita.fazenda.gov.br\/sijut2consulta\/link.action?vision=annotated<\/a><br>\n&amp; id = 16040<\/p>\n\n\t\t<\/div>\n\t<\/div>\n\n\t<div class=\"wpb_text_column wpb_content_element\">\n\t\t<div class=\"wpb_wrapper\">\n\t\t\t<p><strong>PESOS E DIMENS\u00d5ES e ENVELOPES<\/strong><br>\nDimens\u00f5es m\u00e1ximas C x L x A por pe\u00e7a: 116cm x 91cm x 91cm<br>\nPeso m\u00e1ximo por pe\u00e7a: 68Kg<br>\nPeso dimensional m\u00e1ximo: 200Kg\/m3 e 1\/5000m3<br>\nC x L x A = Comprimento x Largura x Altura em cent\u00edmetros<\/p>\n<p><strong>Como determinar o peso a ser faturado:<\/strong><br>\nPeso Real: \u00e9 o peso do pacote, arredondando para o quilograma<br>\nimediatamente superior, ex: 2,65kg = 3,0Kg<\/p>\n<p>Peso Dimensional: \u00e9 a multiplica\u00e7\u00e3o em cent\u00edmetros das medidas do<br>\ncomprimento, da largura e da altura, arredondando para o centimetro inteiro<br>\nsuperior dividido por 5000, sempre arredondar as fra\u00e7\u00f5es para o quilograma<br>\nsuperior mais proximo;<\/p>\n\n\t\t<\/div>\n\t<\/div>\n<div class=\"vc_row wpb_row vc_inner vc_row-fluid et_custom_uniqid_69fb44fe35ad3 mpc-row\"><div class=\"wpb_column vc_column_container vc_col-sm-6 et_custom_uniqid_69fb44fe35b5b mpc-column\" data-column-id=\"mpc_column-4569fb4500354e5\"><div class=\"vc_column-inner\"><div class=\"wpb_wrapper\">\n\t<div class=\"wpb_text_column wpb_content_element\">\n\t\t<div class=\"wpb_wrapper\">\n\t\t\t<p style=\"text-align: left;\">Exemplo: (C x L x A)\/5000<\/p>\n\n\t\t<\/div>\n\t<\/div>\n\n\t<div class=\"wpb_single_image wpb_content_element vc_align_left\">\n\t\t\n\t\t<figure class=\"wpb_wrapper vc_figure\">\n\t\t\t<div class=\"vc_single_image-wrapper   vc_box_border_grey\"><img decoding=\"async\" width=\"776\" height=\"376\" src=\"https:\/\/primelogsolutions.com\/wp-content\/uploads\/xstore\/xstore-placeholder-207x100.png\" class=\"vc_single_image-img attachment-full lazyload lazyload-simple et-lazyload-fadeIn\" alt=\"\" sizes=\"(max-width: 776px) 100vw, 776px\" data-src=\"https:\/\/primelogsolutions.com\/wp-content\/uploads\/2019\/11\/dw.png\" data-srcset=\"https:\/\/primelogsolutions.com\/wp-content\/uploads\/2019\/11\/dw.png 776w, https:\/\/primelogsolutions.com\/wp-content\/uploads\/2019\/11\/dw-300x145.png 300w, https:\/\/primelogsolutions.com\/wp-content\/uploads\/2019\/11\/dw-768x372.png 768w\"><\/div>\n\t\t<\/figure>\n\t<\/div>\n<\/div><\/div><\/div><div class=\"wpb_column vc_column_container vc_col-sm-6 et_custom_uniqid_69fb44fe35b5b mpc-column\" data-column-id=\"mpc_column-7369fb45003587a\"><div class=\"vc_column-inner\"><div class=\"wpb_wrapper\"><\/div><\/div><\/div><\/div>\n\t<div class=\"wpb_text_column wpb_content_element\">\n\t\t<div class=\"wpb_wrapper\">\n\t\t\t<p>Compare o peso real com o peso dimensional, caso o peso dimensional seja<br>\nmaior que o real, a parte excedente ser\u00e1 faturada com uma tarifa fixa de US$<br>\n6.50 por quilo dimensional que exceder,<br>\nex: peso real = 2Kg e peso dimensional = 3Kg; os dois primeiros Kg ser\u00e1<br>\nfaturado conforme tabela de frete e o terceiro Kg cobra-se a mais US$ 6.50<\/p>\n<p>Envelopes: n\u00e3o podem pesar mais que 250gramas e tem tarifa especial de<br>\nUS$ 18.00 para as capitais do Sul, Sudeste, Centro-Oeste e Nordeste e US$<br>\n25.00 para as capitais do Norte e todos os interiores dos outros estados do<br>\npa\u00eds.<\/p>\n\n\t\t<\/div>\n\t<\/div>\n<\/div><\/div><\/div><\/div>","protected":false},"excerpt":{"rendered":"Find below important information when using our courier service: WHAT CAN BE IMPORTED BY COURIER Products with or without commercial purpose up to $ 3,000....","protected":false},"author":1,"featured_media":0,"parent":0,"menu_order":0,"comment_status":"closed","ping_status":"closed","template":"","meta":{"footnotes":""},"class_list":["post-9371","page","type-page","status-publish","hentry"],"_links":{"self":[{"href":"https:\/\/primelogsolutions.com\/pt\/wp-json\/wp\/v2\/pages\/9371","targetHints":{"allow":["GET"]}}],"collection":[{"href":"https:\/\/primelogsolutions.com\/pt\/wp-json\/wp\/v2\/pages"}],"about":[{"href":"https:\/\/primelogsolutions.com\/pt\/wp-json\/wp\/v2\/types\/page"}],"author":[{"embeddable":true,"href":"https:\/\/primelogsolutions.com\/pt\/wp-json\/wp\/v2\/users\/1"}],"replies":[{"embeddable":true,"href":"https:\/\/primelogsolutions.com\/pt\/wp-json\/wp\/v2\/comments?post=9371"}],"version-history":[{"count":7,"href":"https:\/\/primelogsolutions.com\/pt\/wp-json\/wp\/v2\/pages\/9371\/revisions"}],"predecessor-version":[{"id":9373,"href":"https:\/\/primelogsolutions.com\/pt\/wp-json\/wp\/v2\/pages\/9371\/revisions\/9373"}],"wp:attachment":[{"href":"https:\/\/primelogsolutions.com\/pt\/wp-json\/wp\/v2\/media?parent=9371"}],"curies":[{"name":"wp","href":"https:\/\/api.w.org\/{rel}","templated":true}]}}